{"id":5509,"date":"2025-12-16T09:23:06","date_gmt":"2025-12-16T09:23:06","guid":{"rendered":"https:\/\/gj62qrbwbup.preview.infomaniak.website\/?page_id=5509"},"modified":"2026-01-09T09:14:27","modified_gmt":"2026-01-09T09:14:27","slug":"mentions-legales","status":"publish","type":"page","link":"https:\/\/odasce.asso.fr\/en\/mentions-legales\/","title":{"rendered":"Mentions L\u00e9gales"},"content":{"rendered":"<div data-elementor-type=\"wp-page\" data-elementor-id=\"5509\" class=\"elementor elementor-5509\" data-elementor-post-type=\"page\">\n\t\t\t\t<div class=\"elementor-element elementor-element-87fc9c1 e-flex e-con-boxed e-con e-parent\" data-id=\"87fc9c1\" data-element_type=\"container\" data-e-type=\"container\">\n\t\t\t\t\t<div class=\"e-con-inner\">\n\t\t\t\t<div class=\"elementor-element elementor-element-353b0fc elementor-widget elementor-widget-heading\" data-id=\"353b0fc\" data-element_type=\"widget\" data-e-type=\"widget\" data-widget_type=\"heading.default\">\n\t\t\t\t\t<h2 class=\"elementor-heading-title elementor-size-default\">Mentions l\u00e9gales<\/h2>\t\t\t\t<\/div>\n\t\t\t\t<div class=\"elementor-element elementor-element-fa557e7 elementor-widget elementor-widget-n-accordion\" data-id=\"fa557e7\" data-element_type=\"widget\" data-e-type=\"widget\" data-settings=\"{&quot;max_items_expended&quot;:&quot;multiple&quot;,&quot;default_state&quot;:&quot;expanded&quot;,&quot;n_accordion_animation_duration&quot;:{&quot;unit&quot;:&quot;ms&quot;,&quot;size&quot;:400,&quot;sizes&quot;:[]}}\" data-widget_type=\"nested-accordion.default\">\n\t\t\t\t\t\t\t<div class=\"e-n-accordion\" aria-label=\"Accordion. Open links with Enter or Space, close with Escape, and navigate with Arrow Keys\">\n\t\t\t\t\t\t<details id=\"e-n-accordion-item-2620\" class=\"e-n-accordion-item\" open>\n\t\t\t\t<summary class=\"e-n-accordion-item-title\" data-accordion-index=\"1\" tabindex=\"0\" aria-expanded=\"true\" aria-controls=\"e-n-accordion-item-2620\" >\n\t\t\t\t\t<span class='e-n-accordion-item-title-header'><div class=\"e-n-accordion-item-title-text\"> \u00c9DITEUR <\/div><\/span>\n\t\t\t\t\t\t\t<span class='e-n-accordion-item-title-icon'>\n\t\t\t<span class='e-opened' ><svg aria-hidden=\"true\" class=\"e-font-icon-svg e-fas-minus\" viewbox=\"0 0 448 512\" xmlns=\"http:\/\/www.w3.org\/2000\/svg\"><path d=\"M416 208H32c-17.67 0-32 14.33-32 32v32c0 17.67 14.33 32 32 32h384c17.67 0 32-14.33 32-32v-32c0-17.67-14.33-32-32-32z\"><\/path><\/svg><\/span>\n\t\t\t<span class='e-closed'><svg aria-hidden=\"true\" class=\"e-font-icon-svg e-fas-plus\" viewbox=\"0 0 448 512\" xmlns=\"http:\/\/www.w3.org\/2000\/svg\"><path d=\"M416 208H272V64c0-17.67-14.33-32-32-32h-32c-17.67 0-32 14.33-32 32v144H32c-17.67 0-32 14.33-32 32v32c0 17.67 14.33 32 32 32h144v144c0 17.67 14.33 32 32 32h32c17.67 0 32-14.33 32-32V304h144c17.67 0 32-14.33 32-32v-32c0-17.67-14.33-32-32-32z\"><\/path><\/svg><\/span>\n\t\t<\/span>\n\n\t\t\t\t\t\t<\/summary>\n\t\t\t\t<div role=\"region\" aria-labelledby=\"e-n-accordion-item-2620\" class=\"elementor-element elementor-element-067e102 e-con-full e-flex e-con e-child\" data-id=\"067e102\" data-element_type=\"container\" data-e-type=\"container\">\n\t\t\t\t<div class=\"elementor-element elementor-element-9426402 elementor-widget elementor-widget-text-editor\" data-id=\"9426402\" data-element_type=\"widget\" data-e-type=\"widget\" data-widget_type=\"text-editor.default\">\n\t\t\t\t\t\t\t\t\t<p>Office de D\u00e9veloppement par l\u2019Automatisation et la Simplification du Commerce Ext\u00e9rieur (ODASCE)<br \/>Si\u00e8ge social : 24, rue Chauchat \u2013 75009 PARIS<br \/>T\u00e9l : +33 (0)1 55 34 76 80 \u2013 Fax : +33 (0)1 55 34 38 20<\/p>\t\t\t\t\t\t\t\t<\/div>\n\t\t\t\t<\/div>\n\t\t\t\t\t<\/details>\n\t\t\t\t\t\t<details id=\"e-n-accordion-item-2621\" class=\"e-n-accordion-item\" >\n\t\t\t\t<summary class=\"e-n-accordion-item-title\" data-accordion-index=\"2\" tabindex=\"-1\" aria-expanded=\"false\" aria-controls=\"e-n-accordion-item-2621\" >\n\t\t\t\t\t<span class='e-n-accordion-item-title-header'><div class=\"e-n-accordion-item-title-text\"> DIRECTRICE DE LA PUBLICATION <\/div><\/span>\n\t\t\t\t\t\t\t<span class='e-n-accordion-item-title-icon'>\n\t\t\t<span class='e-opened' ><svg aria-hidden=\"true\" class=\"e-font-icon-svg e-fas-minus\" viewbox=\"0 0 448 512\" xmlns=\"http:\/\/www.w3.org\/2000\/svg\"><path d=\"M416 208H32c-17.67 0-32 14.33-32 32v32c0 17.67 14.33 32 32 32h384c17.67 0 32-14.33 32-32v-32c0-17.67-14.33-32-32-32z\"><\/path><\/svg><\/span>\n\t\t\t<span class='e-closed'><svg aria-hidden=\"true\" class=\"e-font-icon-svg e-fas-plus\" viewbox=\"0 0 448 512\" xmlns=\"http:\/\/www.w3.org\/2000\/svg\"><path d=\"M416 208H272V64c0-17.67-14.33-32-32-32h-32c-17.67 0-32 14.33-32 32v144H32c-17.67 0-32 14.33-32 32v32c0 17.67 14.33 32 32 32h144v144c0 17.67 14.33 32 32 32h32c17.67 0 32-14.33 32-32V304h144c17.67 0 32-14.33 32-32v-32c0-17.67-14.33-32-32-32z\"><\/path><\/svg><\/span>\n\t\t<\/span>\n\n\t\t\t\t\t\t<\/summary>\n\t\t\t\t<div role=\"region\" aria-labelledby=\"e-n-accordion-item-2621\" class=\"elementor-element elementor-element-05c3a7f e-con-full e-flex e-con e-child\" data-id=\"05c3a7f\" data-element_type=\"container\" data-e-type=\"container\">\n\t\t\t\t<div class=\"elementor-element elementor-element-5a5f920 elementor-widget elementor-widget-text-editor\" data-id=\"5a5f920\" data-element_type=\"widget\" data-e-type=\"widget\" data-widget_type=\"text-editor.default\">\n\t\t\t\t\t\t\t\t\t<p>Catherine AMANDIO &#8211; D\u00e9l\u00e9gu\u00e9e g\u00e9n\u00e9rale de l&rsquo;ODASCE<\/p>\t\t\t\t\t\t\t\t<\/div>\n\t\t\t\t<\/div>\n\t\t\t\t\t<\/details>\n\t\t\t\t\t\t<details id=\"e-n-accordion-item-2622\" class=\"e-n-accordion-item\" >\n\t\t\t\t<summary class=\"e-n-accordion-item-title\" data-accordion-index=\"3\" tabindex=\"-1\" aria-expanded=\"false\" aria-controls=\"e-n-accordion-item-2622\" >\n\t\t\t\t\t<span class='e-n-accordion-item-title-header'><div class=\"e-n-accordion-item-title-text\"> H\u00c9BERGEUR <\/div><\/span>\n\t\t\t\t\t\t\t<span class='e-n-accordion-item-title-icon'>\n\t\t\t<span class='e-opened' ><svg aria-hidden=\"true\" class=\"e-font-icon-svg e-fas-minus\" viewbox=\"0 0 448 512\" xmlns=\"http:\/\/www.w3.org\/2000\/svg\"><path d=\"M416 208H32c-17.67 0-32 14.33-32 32v32c0 17.67 14.33 32 32 32h384c17.67 0 32-14.33 32-32v-32c0-17.67-14.33-32-32-32z\"><\/path><\/svg><\/span>\n\t\t\t<span class='e-closed'><svg aria-hidden=\"true\" class=\"e-font-icon-svg e-fas-plus\" viewbox=\"0 0 448 512\" xmlns=\"http:\/\/www.w3.org\/2000\/svg\"><path d=\"M416 208H272V64c0-17.67-14.33-32-32-32h-32c-17.67 0-32 14.33-32 32v144H32c-17.67 0-32 14.33-32 32v32c0 17.67 14.33 32 32 32h144v144c0 17.67 14.33 32 32 32h32c17.67 0 32-14.33 32-32V304h144c17.67 0 32-14.33 32-32v-32c0-17.67-14.33-32-32-32z\"><\/path><\/svg><\/span>\n\t\t<\/span>\n\n\t\t\t\t\t\t<\/summary>\n\t\t\t\t<div role=\"region\" aria-labelledby=\"e-n-accordion-item-2622\" class=\"elementor-element elementor-element-9aa9793 e-con-full e-flex e-con e-child\" data-id=\"9aa9793\" data-element_type=\"container\" data-e-type=\"container\">\n\t\t\t\t<div class=\"elementor-element elementor-element-7657152 elementor-widget elementor-widget-text-editor\" data-id=\"7657152\" data-element_type=\"widget\" data-e-type=\"widget\" data-widget_type=\"text-editor.default\">\n\t\t\t\t\t\t\t\t\t<p data-start=\"221\" data-end=\"332\">Infomaniak Network SA<br data-start=\"262\" data-end=\"265\" \/>Rue Eug\u00e8ne-Marziano 25<br data-start=\"289\" data-end=\"292\" \/>1227 Les Acacias<br data-start=\"310\" data-end=\"313\" \/>Gen\u00e8ve \u2013 Suisse<\/p><p data-start=\"339\" data-end=\"417\"><strong data-start=\"339\" data-end=\"354\">T\u00e9l\u00e9phone :<\/strong> +41 22 820 35 44<br data-start=\"371\" data-end=\"374\" \/><strong data-start=\"376\" data-end=\"390\">Site web :<\/strong> <a class=\"decorated-link\" href=\"https:\/\/www.infomaniak.com\" target=\"_new\" rel=\"noopener\" data-start=\"391\" data-end=\"417\">https:\/\/www.infomaniak.com<\/a><\/p>\t\t\t\t\t\t\t\t<\/div>\n\t\t\t\t<\/div>\n\t\t\t\t\t<\/details>\n\t\t\t\t\t\t<details id=\"e-n-accordion-item-2623\" class=\"e-n-accordion-item\" >\n\t\t\t\t<summary class=\"e-n-accordion-item-title\" data-accordion-index=\"4\" tabindex=\"-1\" aria-expanded=\"false\" aria-controls=\"e-n-accordion-item-2623\" >\n\t\t\t\t\t<span class='e-n-accordion-item-title-header'><div class=\"e-n-accordion-item-title-text\"> PROPRI\u00c9T\u00c9 INTELLECTUELLE <\/div><\/span>\n\t\t\t\t\t\t\t<span class='e-n-accordion-item-title-icon'>\n\t\t\t<span class='e-opened' ><svg aria-hidden=\"true\" class=\"e-font-icon-svg e-fas-minus\" viewbox=\"0 0 448 512\" xmlns=\"http:\/\/www.w3.org\/2000\/svg\"><path d=\"M416 208H32c-17.67 0-32 14.33-32 32v32c0 17.67 14.33 32 32 32h384c17.67 0 32-14.33 32-32v-32c0-17.67-14.33-32-32-32z\"><\/path><\/svg><\/span>\n\t\t\t<span class='e-closed'><svg aria-hidden=\"true\" class=\"e-font-icon-svg e-fas-plus\" viewbox=\"0 0 448 512\" xmlns=\"http:\/\/www.w3.org\/2000\/svg\"><path d=\"M416 208H272V64c0-17.67-14.33-32-32-32h-32c-17.67 0-32 14.33-32 32v144H32c-17.67 0-32 14.33-32 32v32c0 17.67 14.33 32 32 32h144v144c0 17.67 14.33 32 32 32h32c17.67 0 32-14.33 32-32V304h144c17.67 0 32-14.33 32-32v-32c0-17.67-14.33-32-32-32z\"><\/path><\/svg><\/span>\n\t\t<\/span>\n\n\t\t\t\t\t\t<\/summary>\n\t\t\t\t<div role=\"region\" aria-labelledby=\"e-n-accordion-item-2623\" class=\"elementor-element elementor-element-f6f8714 e-flex e-con-boxed e-con e-child\" data-id=\"f6f8714\" data-element_type=\"container\" data-e-type=\"container\">\n\t\t\t\t\t<div class=\"e-con-inner\">\n\t\t\t\t<div class=\"elementor-element elementor-element-207dfb6 elementor-widget elementor-widget-text-editor\" data-id=\"207dfb6\" data-element_type=\"widget\" data-e-type=\"widget\" data-widget_type=\"text-editor.default\">\n\t\t\t\t\t\t\t\t\t<p>Tous les documents et les \u00e9l\u00e9ments diffus\u00e9s sur le site https:\/\/www.odasce.asso.fr sont la propri\u00e9t\u00e9 de l\u2019ODASCE et\/ou de ses membres et\/ou partenaires et sont soumis aux lois r\u00e9gissant les droits de propri\u00e9t\u00e9 intellectuelle, droits d\u2019auteur, droits \u00e0 l\u2019image, en France et dans le monde.<\/p><p>La repr\u00e9sentation et\/ou la reproduction, la traduction, m\u00eame partielle, notamment des marques, documents, logos, dessins, photographies, illustrations et d\u00e9nominations sociales accessibles sur le site http:\/\/wwwodasce.asso.fr sont interdites.<\/p>\t\t\t\t\t\t\t\t<\/div>\n\t\t\t\t\t<\/div>\n\t\t\t\t<\/div>\n\t\t\t\t\t<\/details>\n\t\t\t\t\t\t<details id=\"e-n-accordion-item-2624\" class=\"e-n-accordion-item\" >\n\t\t\t\t<summary class=\"e-n-accordion-item-title\" data-accordion-index=\"5\" tabindex=\"-1\" aria-expanded=\"false\" aria-controls=\"e-n-accordion-item-2624\" >\n\t\t\t\t\t<span class='e-n-accordion-item-title-header'><div class=\"e-n-accordion-item-title-text\"> LIENS HYPERTEXTES <\/div><\/span>\n\t\t\t\t\t\t\t<span class='e-n-accordion-item-title-icon'>\n\t\t\t<span class='e-opened' ><svg aria-hidden=\"true\" class=\"e-font-icon-svg e-fas-minus\" viewbox=\"0 0 448 512\" xmlns=\"http:\/\/www.w3.org\/2000\/svg\"><path d=\"M416 208H32c-17.67 0-32 14.33-32 32v32c0 17.67 14.33 32 32 32h384c17.67 0 32-14.33 32-32v-32c0-17.67-14.33-32-32-32z\"><\/path><\/svg><\/span>\n\t\t\t<span class='e-closed'><svg aria-hidden=\"true\" class=\"e-font-icon-svg e-fas-plus\" viewbox=\"0 0 448 512\" xmlns=\"http:\/\/www.w3.org\/2000\/svg\"><path d=\"M416 208H272V64c0-17.67-14.33-32-32-32h-32c-17.67 0-32 14.33-32 32v144H32c-17.67 0-32 14.33-32 32v32c0 17.67 14.33 32 32 32h144v144c0 17.67 14.33 32 32 32h32c17.67 0 32-14.33 32-32V304h144c17.67 0 32-14.33 32-32v-32c0-17.67-14.33-32-32-32z\"><\/path><\/svg><\/span>\n\t\t<\/span>\n\n\t\t\t\t\t\t<\/summary>\n\t\t\t\t<div role=\"region\" aria-labelledby=\"e-n-accordion-item-2624\" class=\"elementor-element elementor-element-ce52f8f e-flex e-con-boxed e-con e-child\" data-id=\"ce52f8f\" data-element_type=\"container\" data-e-type=\"container\">\n\t\t\t\t\t<div class=\"e-con-inner\">\n\t\t\t\t<div class=\"elementor-element elementor-element-f61a013 elementor-widget elementor-widget-text-editor\" data-id=\"f61a013\" data-element_type=\"widget\" data-e-type=\"widget\" data-widget_type=\"text-editor.default\">\n\t\t\t\t\t\t\t\t\t<p>Toute cr\u00e9ation par un tiers de lien hypertexte en direction de l\u2019une des pages du site http:\/\/wwwodasce.asso.fr n\u00e9cessite l\u2019accord pr\u00e9alable de l\u2019ODASCE.<\/p><p><br \/>Les utilisateurs sont inform\u00e9s que les sites ext\u00e9rieurs auxquels ils peuvent acc\u00e9der par l\u2019interm\u00e9diaire des liens hypertextes n\u2019appartiennent pas \u00e0 l\u2019ODASCE. L\u2019ODASCE d\u00e9cline toute responsabilit\u00e9 quant au contenu des informations fournies sur ces sites au titre de l\u2019activation du lien.<\/p>\t\t\t\t\t\t\t\t<\/div>\n\t\t\t\t\t<\/div>\n\t\t\t\t<\/div>\n\t\t\t\t\t<\/details>\n\t\t\t\t\t\t<details id=\"e-n-accordion-item-2625\" class=\"e-n-accordion-item\" >\n\t\t\t\t<summary class=\"e-n-accordion-item-title\" data-accordion-index=\"6\" tabindex=\"-1\" aria-expanded=\"false\" aria-controls=\"e-n-accordion-item-2625\" >\n\t\t\t\t\t<span class='e-n-accordion-item-title-header'><div class=\"e-n-accordion-item-title-text\"> MISE \u00c0 JOUR DU SITE ET PORT\u00c9E DES CONTENUS <\/div><\/span>\n\t\t\t\t\t\t\t<span class='e-n-accordion-item-title-icon'>\n\t\t\t<span class='e-opened' ><svg aria-hidden=\"true\" class=\"e-font-icon-svg e-fas-minus\" viewbox=\"0 0 448 512\" xmlns=\"http:\/\/www.w3.org\/2000\/svg\"><path d=\"M416 208H32c-17.67 0-32 14.33-32 32v32c0 17.67 14.33 32 32 32h384c17.67 0 32-14.33 32-32v-32c0-17.67-14.33-32-32-32z\"><\/path><\/svg><\/span>\n\t\t\t<span class='e-closed'><svg aria-hidden=\"true\" class=\"e-font-icon-svg e-fas-plus\" viewbox=\"0 0 448 512\" xmlns=\"http:\/\/www.w3.org\/2000\/svg\"><path d=\"M416 208H272V64c0-17.67-14.33-32-32-32h-32c-17.67 0-32 14.33-32 32v144H32c-17.67 0-32 14.33-32 32v32c0 17.67 14.33 32 32 32h144v144c0 17.67 14.33 32 32 32h32c17.67 0 32-14.33 32-32V304h144c17.67 0 32-14.33 32-32v-32c0-17.67-14.33-32-32-32z\"><\/path><\/svg><\/span>\n\t\t<\/span>\n\n\t\t\t\t\t\t<\/summary>\n\t\t\t\t<div role=\"region\" aria-labelledby=\"e-n-accordion-item-2625\" class=\"elementor-element elementor-element-16d0aa5 e-flex e-con-boxed e-con e-child\" data-id=\"16d0aa5\" data-element_type=\"container\" data-e-type=\"container\">\n\t\t\t\t\t<div class=\"e-con-inner\">\n\t\t\t\t<div class=\"elementor-element elementor-element-88cff43 elementor-widget elementor-widget-text-editor\" data-id=\"88cff43\" data-element_type=\"widget\" data-e-type=\"widget\" data-widget_type=\"text-editor.default\">\n\t\t\t\t\t\t\t\t\t<p>Les informations diffus\u00e9es sur le site <a id=\"menurm7r\" class=\"fui-Link ___1q1shib f2hkw1w f3rmtva f1ewtqcl fyind8e f1k6fduh f1w7gpdv fk6fouc fjoy568 figsok6 f1s184ao f1mk8lai fnbmjn9 f1o700av f13mvf36 f1cmlufx f9n3di6 f1ids18y f1tx3yz7 f1deo86v f1eh06m1 f1iescvh fhgqx19 f1olyrje f1p93eir f1nev41a f1h8hb77 f1lqvz6u f10aw75t fsle3fq f17ae5zn\" title=\"https:\/\/www.odasce.asso.fr\/\" href=\"https:\/\/odasce.asso.fr\/en\/\" target=\"_blank\" rel=\"noreferrer noopener\" aria-label=\"Lien https:\/\/www.odasce.asso.fr\">https:\/\/www.odasce.asso.fr<\/a> sont mises \u00e0 jour r\u00e9guli\u00e8rement.\u00a0<\/p><p>Toutefois, des erreurs ou omissions peuvent subsister. L\u2019ODASCE ne saurait \u00eatre tenue responsable de l\u2019utilisation qui pourrait \u00eatre faite des informations figurant sur le site, ni des dommages directs ou indirects pouvant en r\u00e9sulter.<\/p><p>L\u2019ODASCE se r\u00e9serve le droit de modifier, \u00e0 tout moment et sans pr\u00e9avis, le contenu du site ainsi que la pr\u00e9sente notice.<\/p><p>L\u2019ODASCE ne garantit pas que le site <a id=\"menurmdv\" class=\"fui-Link ___1q1shib f2hkw1w f3rmtva f1ewtqcl fyind8e f1k6fduh f1w7gpdv fk6fouc fjoy568 figsok6 f1s184ao f1mk8lai fnbmjn9 f1o700av f13mvf36 f1cmlufx f9n3di6 f1ids18y f1tx3yz7 f1deo86v f1eh06m1 f1iescvh fhgqx19 f1olyrje f1p93eir f1nev41a f1h8hb77 f1lqvz6u f10aw75t fsle3fq f17ae5zn\" title=\"https:\/\/www.odasce.asso.fr\/\" href=\"https:\/\/odasce.asso.fr\/en\/\" target=\"_blank\" rel=\"noreferrer noopener\" aria-label=\"Lien https:\/\/www.odasce.asso.fr\">https:\/\/www.odasce.asso.fr<\/a>, ni le serveur qui l\u2019h\u00e9berge, soient exempts de virus ou d\u2019autres composants susceptibles de causer des dommages aux \u00e9quipements des utilisateurs.<\/p><p>Il appartient \u00e0 chaque utilisateur de prendre toutes les mesures appropri\u00e9es afin de prot\u00e9ger ses propres donn\u00e9es et\/ou logiciels contre toute contamination \u00e9ventuelle par des virus circulant sur le r\u00e9seau Internet.<\/p>\t\t\t\t\t\t\t\t<\/div>\n\t\t\t\t\t<\/div>\n\t\t\t\t<\/div>\n\t\t\t\t\t<\/details>\n\t\t\t\t\t<\/div>\n\t\t\t\t\t\t<\/div>\n\t\t\t\t\t<\/div>\n\t\t\t\t<\/div>\n\t\t\t\t<\/div>","protected":false},"excerpt":{"rendered":"<p>Mentions l\u00e9gales \u00c9DITEUR Office de D\u00e9veloppement par l\u2019Automatisation et la Simplification du Commerce Ext\u00e9rieur (ODASCE)Si\u00e8ge social : 24, rue Chauchat \u2013 75009 PARIST\u00e9l : +33 (0)1 55 34 76 80 \u2013 Fax : +33 (0)1 55 34 38 20 DIRECTRICE DE LA PUBLICATION Catherine AMANDIO &#8211; D\u00e9l\u00e9gu\u00e9e g\u00e9n\u00e9rale de l&rsquo;ODASCE H\u00c9BERGEUR Infomaniak Network SARue Eug\u00e8ne-Marziano [&hellip;]<\/p>\n","protected":false},"author":2,"featured_media":0,"parent":0,"menu_order":0,"comment_status":"closed","ping_status":"closed","template":"","meta":{"footnotes":""},"class_list":["post-5509","page","type-page","status-publish","hentry"],"yoast_head":"<!-- This site is optimized with the Yoast SEO plugin v27.4 - https:\/\/yoast.com\/product\/yoast-seo-wordpress\/ -->\n<title>Mentions L\u00e9gales - ODASCE - information et formation en douane<\/title>\n<meta name=\"robots\" content=\"index, follow, max-snippet:-1, max-image-preview:large, max-video-preview:-1\" \/>\n<link rel=\"canonical\" href=\"https:\/\/odasce.asso.fr\/en\/mentions-legales\/\" \/>\n<meta property=\"og:locale\" content=\"en_GB\" \/>\n<meta property=\"og:type\" content=\"article\" \/>\n<meta property=\"og:title\" content=\"Mentions L\u00e9gales - ODASCE - information et formation en douane\" \/>\n<meta property=\"og:description\" content=\"Mentions l\u00e9gales \u00c9DITEUR Office de D\u00e9veloppement par l\u2019Automatisation et la Simplification du Commerce Ext\u00e9rieur (ODASCE)Si\u00e8ge social : 24, rue Chauchat \u2013 75009 PARIST\u00e9l : +33 (0)1 55 34 76 80 \u2013 Fax : +33 (0)1 55 34 38 20 DIRECTRICE DE LA PUBLICATION Catherine AMANDIO &#8211; D\u00e9l\u00e9gu\u00e9e g\u00e9n\u00e9rale de l&rsquo;ODASCE H\u00c9BERGEUR Infomaniak Network SARue Eug\u00e8ne-Marziano [&hellip;]\" \/>\n<meta property=\"og:url\" content=\"https:\/\/odasce.asso.fr\/en\/mentions-legales\/\" \/>\n<meta property=\"og:site_name\" content=\"ODASCE - information et formation en douane\" \/>\n<meta property=\"article:modified_time\" content=\"2026-01-09T09:14:27+00:00\" \/>\n<meta name=\"twitter:card\" content=\"summary_large_image\" \/>\n<meta name=\"twitter:label1\" content=\"Estimated reading time\" \/>\n\t<meta name=\"twitter:data1\" content=\"4 minutes\" \/>\n<script type=\"application\/ld+json\" class=\"yoast-schema-graph\">{\"@context\":\"https:\\\/\\\/schema.org\",\"@graph\":[{\"@type\":\"WebPage\",\"@id\":\"https:\\\/\\\/odasce.asso.fr\\\/mentions-legales\\\/\",\"url\":\"https:\\\/\\\/odasce.asso.fr\\\/mentions-legales\\\/\",\"name\":\"Mentions L\u00e9gales - ODASCE - information et formation en douane\",\"isPartOf\":{\"@id\":\"https:\\\/\\\/odasce.asso.fr\\\/#website\"},\"datePublished\":\"2025-12-16T09:23:06+00:00\",\"dateModified\":\"2026-01-09T09:14:27+00:00\",\"breadcrumb\":{\"@id\":\"https:\\\/\\\/odasce.asso.fr\\\/mentions-legales\\\/#breadcrumb\"},\"inLanguage\":\"en-GB\",\"potentialAction\":[{\"@type\":\"ReadAction\",\"target\":[\"https:\\\/\\\/odasce.asso.fr\\\/mentions-legales\\\/\"]}]},{\"@type\":\"BreadcrumbList\",\"@id\":\"https:\\\/\\\/odasce.asso.fr\\\/mentions-legales\\\/#breadcrumb\",\"itemListElement\":[{\"@type\":\"ListItem\",\"position\":1,\"name\":\"Accueil\",\"item\":\"https:\\\/\\\/odasce.asso.fr\\\/\"},{\"@type\":\"ListItem\",\"position\":2,\"name\":\"Mentions L\u00e9gales\"}]},{\"@type\":\"WebSite\",\"@id\":\"https:\\\/\\\/odasce.asso.fr\\\/#website\",\"url\":\"https:\\\/\\\/odasce.asso.fr\\\/\",\"name\":\"ODASCE - information et formation en douane\",\"description\":\"votre expert en douane depuis 1972\",\"publisher\":{\"@id\":\"https:\\\/\\\/odasce.asso.fr\\\/#organization\"},\"alternateName\":\"ODASCE\",\"potentialAction\":[{\"@type\":\"SearchAction\",\"target\":{\"@type\":\"EntryPoint\",\"urlTemplate\":\"https:\\\/\\\/odasce.asso.fr\\\/?s={search_term_string}\"},\"query-input\":{\"@type\":\"PropertyValueSpecification\",\"valueRequired\":true,\"valueName\":\"search_term_string\"}}],\"inLanguage\":\"en-GB\"},{\"@type\":\"Organization\",\"@id\":\"https:\\\/\\\/odasce.asso.fr\\\/#organization\",\"name\":\"ODASCE - information et formation en douane\",\"alternateName\":\"ODASCE\",\"url\":\"https:\\\/\\\/odasce.asso.fr\\\/\",\"logo\":{\"@type\":\"ImageObject\",\"inLanguage\":\"en-GB\",\"@id\":\"https:\\\/\\\/odasce.asso.fr\\\/#\\\/schema\\\/logo\\\/image\\\/\",\"url\":\"https:\\\/\\\/odasce.asso.fr\\\/wp-content\\\/uploads\\\/2025\\\/10\\\/logo-site.png\",\"contentUrl\":\"https:\\\/\\\/odasce.asso.fr\\\/wp-content\\\/uploads\\\/2025\\\/10\\\/logo-site.png\",\"width\":1176,\"height\":986,\"caption\":\"ODASCE - information et formation en douane\"},\"image\":{\"@id\":\"https:\\\/\\\/odasce.asso.fr\\\/#\\\/schema\\\/logo\\\/image\\\/\"},\"sameAs\":[\"https:\\\/\\\/www.linkedin.com\\\/company\\\/10505789\\\/\"]}]}<\/script>\n<!-- \/ Yoast SEO plugin. -->","yoast_head_json":{"title":"Mentions L\u00e9gales - ODASCE - information et formation en douane","robots":{"index":"index","follow":"follow","max-snippet":"max-snippet:-1","max-image-preview":"max-image-preview:large","max-video-preview":"max-video-preview:-1"},"canonical":"https:\/\/odasce.asso.fr\/en\/mentions-legales\/","og_locale":"en_GB","og_type":"article","og_title":"Mentions L\u00e9gales - ODASCE - information et formation en douane","og_description":"Mentions l\u00e9gales \u00c9DITEUR Office de D\u00e9veloppement par l\u2019Automatisation et la Simplification du Commerce Ext\u00e9rieur (ODASCE)Si\u00e8ge social : 24, rue Chauchat \u2013 75009 PARIST\u00e9l : +33 (0)1 55 34 76 80 \u2013 Fax : +33 (0)1 55 34 38 20 DIRECTRICE DE LA PUBLICATION Catherine AMANDIO &#8211; D\u00e9l\u00e9gu\u00e9e g\u00e9n\u00e9rale de l&rsquo;ODASCE H\u00c9BERGEUR Infomaniak Network SARue Eug\u00e8ne-Marziano [&hellip;]","og_url":"https:\/\/odasce.asso.fr\/en\/mentions-legales\/","og_site_name":"ODASCE - information et formation en douane","article_modified_time":"2026-01-09T09:14:27+00:00","twitter_card":"summary_large_image","twitter_misc":{"Estimated reading time":"4 minutes"},"schema":{"@context":"https:\/\/schema.org","@graph":[{"@type":"WebPage","@id":"https:\/\/odasce.asso.fr\/mentions-legales\/","url":"https:\/\/odasce.asso.fr\/mentions-legales\/","name":"Mentions L\u00e9gales - ODASCE - information et formation en douane","isPartOf":{"@id":"https:\/\/odasce.asso.fr\/#website"},"datePublished":"2025-12-16T09:23:06+00:00","dateModified":"2026-01-09T09:14:27+00:00","breadcrumb":{"@id":"https:\/\/odasce.asso.fr\/mentions-legales\/#breadcrumb"},"inLanguage":"en-GB","potentialAction":[{"@type":"ReadAction","target":["https:\/\/odasce.asso.fr\/mentions-legales\/"]}]},{"@type":"BreadcrumbList","@id":"https:\/\/odasce.asso.fr\/mentions-legales\/#breadcrumb","itemListElement":[{"@type":"ListItem","position":1,"name":"Accueil","item":"https:\/\/odasce.asso.fr\/"},{"@type":"ListItem","position":2,"name":"Mentions L\u00e9gales"}]},{"@type":"WebSite","@id":"https:\/\/odasce.asso.fr\/#website","url":"https:\/\/odasce.asso.fr\/","name":"ODASCE - information et formation en douane","description":"votre expert en douane depuis 1972","publisher":{"@id":"https:\/\/odasce.asso.fr\/#organization"},"alternateName":"ODASCE","potentialAction":[{"@type":"SearchAction","target":{"@type":"EntryPoint","urlTemplate":"https:\/\/odasce.asso.fr\/?s={search_term_string}"},"query-input":{"@type":"PropertyValueSpecification","valueRequired":true,"valueName":"search_term_string"}}],"inLanguage":"en-GB"},{"@type":"Organization","@id":"https:\/\/odasce.asso.fr\/#organization","name":"ODASCE - information et formation en douane","alternateName":"ODASCE","url":"https:\/\/odasce.asso.fr\/","logo":{"@type":"ImageObject","inLanguage":"en-GB","@id":"https:\/\/odasce.asso.fr\/#\/schema\/logo\/image\/","url":"https:\/\/odasce.asso.fr\/wp-content\/uploads\/2025\/10\/logo-site.png","contentUrl":"https:\/\/odasce.asso.fr\/wp-content\/uploads\/2025\/10\/logo-site.png","width":1176,"height":986,"caption":"ODASCE - information et formation en douane"},"image":{"@id":"https:\/\/odasce.asso.fr\/#\/schema\/logo\/image\/"},"sameAs":["https:\/\/www.linkedin.com\/company\/10505789\/"]}]}},"_links":{"self":[{"href":"https:\/\/odasce.asso.fr\/en\/wp-json\/wp\/v2\/pages\/5509","targetHints":{"allow":["GET"]}}],"collection":[{"href":"https:\/\/odasce.asso.fr\/en\/wp-json\/wp\/v2\/pages"}],"about":[{"href":"https:\/\/odasce.asso.fr\/en\/wp-json\/wp\/v2\/types\/page"}],"author":[{"embeddable":true,"href":"https:\/\/odasce.asso.fr\/en\/wp-json\/wp\/v2\/users\/2"}],"replies":[{"embeddable":true,"href":"https:\/\/odasce.asso.fr\/en\/wp-json\/wp\/v2\/comments?post=5509"}],"version-history":[{"count":64,"href":"https:\/\/odasce.asso.fr\/en\/wp-json\/wp\/v2\/pages\/5509\/revisions"}],"predecessor-version":[{"id":7935,"href":"https:\/\/odasce.asso.fr\/en\/wp-json\/wp\/v2\/pages\/5509\/revisions\/7935"}],"wp:attachment":[{"href":"https:\/\/odasce.asso.fr\/en\/wp-json\/wp\/v2\/media?parent=5509"}],"curies":[{"name":"wp","href":"https:\/\/api.w.org\/{rel}","templated":true}]}}