{"id":5555,"date":"2025-12-16T10:15:39","date_gmt":"2025-12-16T10:15:39","guid":{"rendered":"https:\/\/gj62qrbwbup.preview.infomaniak.website\/?page_id=5555"},"modified":"2026-01-07T16:02:20","modified_gmt":"2026-01-07T16:02:20","slug":"politique-de-confidentialite","status":"publish","type":"page","link":"https:\/\/odasce.asso.fr\/en\/politique-de-confidentialite\/","title":{"rendered":"Politique de confidentialit\u00e9"},"content":{"rendered":"<div data-elementor-type=\"wp-page\" data-elementor-id=\"5555\" class=\"elementor elementor-5555\" data-elementor-post-type=\"page\">\n\t\t\t\t<div class=\"elementor-element elementor-element-ce94ea0 e-flex e-con-boxed e-con e-parent\" data-id=\"ce94ea0\" data-element_type=\"container\" data-e-type=\"container\">\n\t\t\t\t\t<div class=\"e-con-inner\">\n\t\t\t\t<div class=\"elementor-element elementor-element-40e517a elementor-widget elementor-widget-heading\" data-id=\"40e517a\" data-element_type=\"widget\" data-e-type=\"widget\" data-widget_type=\"heading.default\">\n\t\t\t\t\t<h2 class=\"elementor-heading-title elementor-size-default\">Politique de confidentialit\u00e9\n<\/h2>\t\t\t\t<\/div>\n\t\t\t\t<div class=\"elementor-element elementor-element-0fbf825 elementor-widget elementor-widget-text-editor\" data-id=\"0fbf825\" data-element_type=\"widget\" data-e-type=\"widget\" data-widget_type=\"text-editor.default\">\n\t\t\t\t\t\t\t\t\t<p>La pr\u00e9sente politique de confidentialit\u00e9 vous informe de la mani\u00e8re dont l\u2019ODASCE utilise et prot\u00e8ge les informations que vous nous transmettez, le cas \u00e9ch\u00e9ant, lorsque vous utilisez le pr\u00e9sent site accessible \u00e0 partir de l\u2019URL suivante : www.odasce.asso.fr.<\/p><p>Veuillez noter que cette politique de confidentialit\u00e9 est susceptible d\u2019\u00eatre modifi\u00e9e ou compl\u00e9t\u00e9e \u00e0 tout moment par, notamment en vue de se conformer \u00e0 toute \u00e9volution l\u00e9gislative, r\u00e8glementaire, jurisprudentielle ou technologique. Dans un tel cas, la date de sa mise \u00e0 jour sera clairement identifi\u00e9e en t\u00eate de la pr\u00e9sente politique. Ces modifications engagent l\u2019Utilisateur d\u00e8s leur mise en ligne. Il convient par cons\u00e9quent que l\u2019Utilisateur consulte r\u00e9guli\u00e8rement la pr\u00e9sente politique de confidentialit\u00e9 et d\u2019utilisation des cookies afin de prendre connaissance de ses \u00e9ventuelles modifications<\/p>\t\t\t\t\t\t\t\t<\/div>\n\t\t\t\t<div class=\"elementor-element elementor-element-192d9f0 elementor-widget elementor-widget-n-accordion\" data-id=\"192d9f0\" data-element_type=\"widget\" data-e-type=\"widget\" data-settings=\"{&quot;max_items_expended&quot;:&quot;multiple&quot;,&quot;default_state&quot;:&quot;expanded&quot;,&quot;n_accordion_animation_duration&quot;:{&quot;unit&quot;:&quot;ms&quot;,&quot;size&quot;:400,&quot;sizes&quot;:[]}}\" data-widget_type=\"nested-accordion.default\">\n\t\t\t\t\t\t\t<div class=\"e-n-accordion\" aria-label=\"Accordion. Open links with Enter or Space, close with Escape, and navigate with Arrow Keys\">\n\t\t\t\t\t\t<details id=\"e-n-accordion-item-2640\" class=\"e-n-accordion-item\" open>\n\t\t\t\t<summary class=\"e-n-accordion-item-title\" data-accordion-index=\"1\" tabindex=\"0\" aria-expanded=\"true\" aria-controls=\"e-n-accordion-item-2640\" >\n\t\t\t\t\t<span class='e-n-accordion-item-title-header'><div class=\"e-n-accordion-item-title-text\">  I. DONN\u00c9ES PERSONNELLES <\/div><\/span>\n\t\t\t\t\t\t\t<span class='e-n-accordion-item-title-icon'>\n\t\t\t<span class='e-opened' ><svg aria-hidden=\"true\" class=\"e-font-icon-svg e-fas-minus\" viewbox=\"0 0 448 512\" xmlns=\"http:\/\/www.w3.org\/2000\/svg\"><path d=\"M416 208H32c-17.67 0-32 14.33-32 32v32c0 17.67 14.33 32 32 32h384c17.67 0 32-14.33 32-32v-32c0-17.67-14.33-32-32-32z\"><\/path><\/svg><\/span>\n\t\t\t<span class='e-closed'><svg aria-hidden=\"true\" class=\"e-font-icon-svg e-fas-plus\" viewbox=\"0 0 448 512\" xmlns=\"http:\/\/www.w3.org\/2000\/svg\"><path d=\"M416 208H272V64c0-17.67-14.33-32-32-32h-32c-17.67 0-32 14.33-32 32v144H32c-17.67 0-32 14.33-32 32v32c0 17.67 14.33 32 32 32h144v144c0 17.67 14.33 32 32 32h32c17.67 0 32-14.33 32-32V304h144c17.67 0 32-14.33 32-32v-32c0-17.67-14.33-32-32-32z\"><\/path><\/svg><\/span>\n\t\t<\/span>\n\n\t\t\t\t\t\t<\/summary>\n\t\t\t\t<div role=\"region\" aria-labelledby=\"e-n-accordion-item-2640\" class=\"elementor-element elementor-element-a479ff0 e-con-full e-flex e-con e-child\" data-id=\"a479ff0\" data-element_type=\"container\" data-e-type=\"container\">\n\t\t\t\t<div class=\"elementor-element elementor-element-9d58b64 elementor-widget elementor-widget-text-editor\" data-id=\"9d58b64\" data-element_type=\"widget\" data-e-type=\"widget\" data-widget_type=\"text-editor.default\">\n\t\t\t\t\t\t\t\t\t<ul><li>Conform\u00e9ment au R\u00e8glement G\u00e9n\u00e9ral sur la Protection des Donn\u00e9es (General Data Protection R\u00e9gulation) adopt\u00e9 par le Parlement europ\u00e9en le 14 avril 2016, et \u00e0 la Loi Informatique et Libert\u00e9s du 6 janvier 1978 modifi\u00e9e, l\u2019ODASCE vous informe des points suivants\u00a0:<\/li><\/ul><p>D\u2019une mani\u00e8re g\u00e9n\u00e9rale, il vous est possible de visiter le Site de l\u2019ODASCE sans communiquer aucune information personnelle vous concernant.<\/p><p>Les donn\u00e9es personnelles pouvant \u00eatre collect\u00e9es sur le Site sont les suivantes :<\/p><ul><li>Demande de contact : nom, pr\u00e9nom, adresse \u00e9lectronique et votre message<\/li><li>Adh\u00e9sion ou inscriptions \u00e0 des \u00e9v\u00e8nements ou formations\u00a0: nom, pr\u00e9nom, adresse mail, num\u00e9ro de t\u00e9l\u00e9phone, entreprise, service et fonction<\/li><li>Connexion au site : \u00e0 cette occasion, sont notamment enregistr\u00e9es, vos donn\u00e9es de connexion, de navigation ou encore de localisation.<\/li><li>Paiements sur le site : en cas de transaction financi\u00e8re sur le site, sont enregistr\u00e9es vos coordonn\u00e9es bancaires ou encore les donn\u00e9es relatives \u00e0 votre carte de cr\u00e9dit<\/li><li>Cookies : Les Cookies sont utilis\u00e9s, dans le cadre de l\u2019utilisation du Site, afin de collecter certaines informations (en particulier, votre adresse IP, des informations relatives \u00e0 l\u2019ordinateur utilis\u00e9 pour la navigation, le mode de connexion, le type et la version du navigateur internet, le syst\u00e8me d\u2019exploitation et d\u2019autres identifiants techniques ou encore l\u2019adresse URL des connexions, y compris la date et l\u2019heure, ainsi que le contenu acc\u00e9d\u00e9). Vous avez la possibilit\u00e9 de d\u00e9sactiver les Cookies \u00e0 partir des param\u00e8tres de votre navigateur<\/li><\/ul><p>En fournissant ces informations, vous acceptez express\u00e9ment qu\u2019elles soient trait\u00e9es par l\u2019ODASCE aux fins des traitements d\u00e9finies au point I.2.<\/p><p><strong>\u00a0<\/strong><\/p><p><b>I.1 \u2013 Destinataire des donn\u00e9es<\/b><\/p><p>Le responsable du traitement est l\u2019ODASCE, 24, rue Chauchat, 750098 PARIS \u2013 France.<\/p><p>T\u00e9l\u00e9phone : + 33 (0)1 53 42 12 80 \u00a0\u00a0\u2013 Email<u>\u00a0<\/u>: contact@odasce.org<\/p><p>L\u2019acc\u00e8s \u00e0 vos donn\u00e9es personnelles est strictement limit\u00e9 aux salari\u00e9s de l\u2019ODASCE tenus \u00e0 une obligation de confidentialit\u00e9. Cependant, les donn\u00e9es collect\u00e9es pourront \u00e9ventuellement \u00eatre communiqu\u00e9es \u00e0 des sous-traitants charg\u00e9s contractuellement de l\u2019ex\u00e9cution des t\u00e2ches n\u00e9cessaires au bon fonctionnement du Site et de ses services ainsi qu\u2019\u00e0 la bonne gestion de la relation avec vous sans que vous ayez besoin de donner votre autorisation. Il est pr\u00e9cis\u00e9 que, dans le cadre de l\u2019ex\u00e9cution de leurs prestations, les sous-traitants n\u2019ont qu\u2019un acc\u00e8s limit\u00e9 \u00e0 vos donn\u00e9es et ont une obligation contractuelle de les utiliser en conformit\u00e9 avec les dispositions de la l\u00e9gislation applicable en mati\u00e8re de protection des donn\u00e9es personnelles.<\/p><p>L\u2019ODASCE ne proc\u00e8dent pas \u00e0 la commercialisation des donn\u00e9es personnelles des visiteurs et utilisateurs de son site internet.<\/p><p>\u00a0<\/p><p><b>I.2 \u2013 Finalit\u00e9s du traitement<\/b><\/p><p>Les utilisations de vos donn\u00e9es personnelles sont principalement les suivantes :<\/p><ul><li>Acc\u00e8s et utilisation du site<\/li><li>V\u00e9rification et authentification de vos donn\u00e9es\u00a0<\/li><li>Traitement des demandes d\u2019adh\u00e9sion \u00e0 l\u2019association et gestion du suivi de la relation<\/li><li>Traitement des inscriptions aux \u00e9v\u00e8nements et formations et gestion du suivi de la relation<\/li><li>Gestion des services de paiement<\/li><li>Optimisation de l\u2019agencement et du fonctionnement du site<\/li><\/ul><p>Lorsque certaines informations sont obligatoires pour acc\u00e9der \u00e0 des fonctionnalit\u00e9s sp\u00e9cifiques du Site, ce caract\u00e8re obligatoire est indiqu\u00e9 au moment de la saisie des donn\u00e9es. En cas de refus de votre part de fournir des informations obligatoires, vous pourriez ne pas avoir acc\u00e8s \u00e0 certains services, fonctionnalit\u00e9s ou rubriques du Site.<\/p><p>\u00a0<\/p><p><b>I.3 \u2013 Dur\u00e9e de conservation<\/b><\/p><p>Vos Informations Personnelles sont conserv\u00e9es par L\u2019ODASCE uniquement pour le temps correspondant \u00e0 la finalit\u00e9 de la collecte tel qu\u2019indiqu\u00e9 au point I.2, au suivi de celles-ci et \u00e0 la satisfaction des obligations l\u00e9gales qui en d\u00e9coulent.<\/p><p>Pendant cette p\u00e9riode, l\u2019ODASCE met en place les moyens organisationnels, logiciels, juridiques, techniques et physiques aptes \u00e0 assurer la confidentialit\u00e9 et la s\u00e9curit\u00e9 de vos donn\u00e9es personnelles, de mani\u00e8re \u00e0 emp\u00eacher leur endommagement, effacement ou acc\u00e8s par des tiers non autoris\u00e9s.<\/p><p>\u00a0<\/p><p><b>I.4 \u2013 Exercice des Droits<\/b><\/p><p>Les personnes b\u00e9n\u00e9ficient d\u2019un droit d\u2019acc\u00e8s, de rectification, de portabilit\u00e9 et d\u2019effacement de leurs donn\u00e9es ou encore \u00e0 la limitation du traitement. Elles peuvent exercer leurs droits en contactant l\u2019ODASCE par email \u00e0 l\u2019adresse suivante\u00a0<a href=\"mailto:contact@odasce.org\">contact@odasce.org<\/a>\u00a0.<\/p><p>L\u2019ODASCE s\u2019engage \u00e0 r\u00e9pondre \u00e0 votre demande d\u2019acc\u00e8s, de rectification de portabilit\u00e9, d\u2019effacement ou autre demande compl\u00e9mentaire d\u2019informations dans un d\u00e9lai raisonnable qui ne saurait d\u00e9passer 1 mois \u00e0 compter de la r\u00e9ception de la demande.<\/p><p>\u00a0<\/p><p><b>I.5 \u2013\u00a0R\u00e9clamation aupr\u00e8s de l\u2019autorit\u00e9 comp\u00e9tente<\/b><\/p><p>Pour toute information compl\u00e9mentaire ou r\u00e9clamation, le client peut contacter la Commission Nationale de l\u2019Informatique et des Libert\u00e9s (plus d\u2019informations sur www.cnil.fr). \u00bb<\/p>\t\t\t\t\t\t\t\t<\/div>\n\t\t\t\t<\/div>\n\t\t\t\t\t<\/details>\n\t\t\t\t\t\t<details id=\"e-n-accordion-item-2641\" class=\"e-n-accordion-item\" >\n\t\t\t\t<summary class=\"e-n-accordion-item-title\" data-accordion-index=\"2\" tabindex=\"-1\" aria-expanded=\"false\" aria-controls=\"e-n-accordion-item-2641\" >\n\t\t\t\t\t<span class='e-n-accordion-item-title-header'><div class=\"e-n-accordion-item-title-text\">  II. POLITIQUE RELATIVE AUX COOKIES <\/div><\/span>\n\t\t\t\t\t\t\t<span class='e-n-accordion-item-title-icon'>\n\t\t\t<span class='e-opened' ><svg aria-hidden=\"true\" class=\"e-font-icon-svg e-fas-minus\" viewbox=\"0 0 448 512\" xmlns=\"http:\/\/www.w3.org\/2000\/svg\"><path d=\"M416 208H32c-17.67 0-32 14.33-32 32v32c0 17.67 14.33 32 32 32h384c17.67 0 32-14.33 32-32v-32c0-17.67-14.33-32-32-32z\"><\/path><\/svg><\/span>\n\t\t\t<span class='e-closed'><svg aria-hidden=\"true\" class=\"e-font-icon-svg e-fas-plus\" viewbox=\"0 0 448 512\" xmlns=\"http:\/\/www.w3.org\/2000\/svg\"><path d=\"M416 208H272V64c0-17.67-14.33-32-32-32h-32c-17.67 0-32 14.33-32 32v144H32c-17.67 0-32 14.33-32 32v32c0 17.67 14.33 32 32 32h144v144c0 17.67 14.33 32 32 32h32c17.67 0 32-14.33 32-32V304h144c17.67 0 32-14.33 32-32v-32c0-17.67-14.33-32-32-32z\"><\/path><\/svg><\/span>\n\t\t<\/span>\n\n\t\t\t\t\t\t<\/summary>\n\t\t\t\t<div role=\"region\" aria-labelledby=\"e-n-accordion-item-2641\" class=\"elementor-element elementor-element-0670c87 e-con-full e-flex e-con e-child\" data-id=\"0670c87\" data-element_type=\"container\" data-e-type=\"container\">\n\t\t\t\t<div class=\"elementor-element elementor-element-0b0c152 elementor-widget elementor-widget-text-editor\" data-id=\"0b0c152\" data-element_type=\"widget\" data-e-type=\"widget\" data-widget_type=\"text-editor.default\">\n\t\t\t\t\t\t\t\t\t<p>Lors de la consultation du Site, des Cookies sont d\u00e9pos\u00e9s sur votre ordinateur, votre mobile ou votre tablette.<\/p><p>\u00a0<\/p><p>Un Cookie est une information d\u00e9pos\u00e9e sur votre appareil de navigation par le serveur du Site visit\u00e9. Certaines parties du Site peuvent ainsi ne pas \u00eatre fonctionnelles sans l\u2019acceptation de cookies par l\u2019utilisateur. Les informations collect\u00e9es par ce biais ne seront utilis\u00e9es que pour suivre le volume, le type et la configuration du trafic utilisant ce site, pour en d\u00e9velopper la conception et l\u2019agencement et \u00e0 d\u2019autres fins administratives et de planification et plus g\u00e9n\u00e9ralement pour am\u00e9liorer le service que nous vous offrons. Ces informations ne seront pas, sauf accord de votre part, conserv\u00e9es plus de 13 mois. Vous avez la possibilit\u00e9 de d\u00e9sactiver les Cookies depuis les param\u00e8tres de votre navigateur.<\/p><p>\u00a0<\/p><p>Plus d\u2019informations sur\u00a0<a href=\"https:\/\/www.cnil.fr\/fr\/site-web-cookies-et-autres-traceurs\">https:\/\/www.cnil.fr\/fr\/site-web-cookies-et-autres-traceurs<\/a>\u00a0 et\u00a0<a href=\"https:\/\/www.cnil.fr\/fr\/cookies-les-outils-pour-les-maitriser\">https:\/\/www.cnil.fr\/fr\/cookies-les-outils-pour-les-maitriser<\/a>\u00a0 \u00bb.<\/p><p>\u00a0<\/p><p>Pour g\u00e9rer vos cookies cliquer ici :\u00a0 Gestion des cookies<\/p>\t\t\t\t\t\t\t\t<\/div>\n\t\t\t\t<\/div>\n\t\t\t\t\t<\/details>\n\t\t\t\t\t<\/div>\n\t\t\t\t\t\t<\/div>\n\t\t\t\t\t<\/div>\n\t\t\t\t<\/div>\n\t\t\t\t<\/div>","protected":false},"excerpt":{"rendered":"<p>Politique de confidentialit\u00e9 La pr\u00e9sente politique de confidentialit\u00e9 vous informe de la mani\u00e8re dont l\u2019ODASCE utilise et prot\u00e8ge les informations que vous nous transmettez, le cas \u00e9ch\u00e9ant, lorsque vous utilisez le pr\u00e9sent site accessible \u00e0 partir de l\u2019URL suivante : www.odasce.asso.fr. Veuillez noter que cette politique de confidentialit\u00e9 est susceptible d\u2019\u00eatre modifi\u00e9e ou compl\u00e9t\u00e9e \u00e0 [&hellip;]<\/p>\n","protected":false},"author":2,"featured_media":0,"parent":0,"menu_order":0,"comment_status":"closed","ping_status":"closed","template":"","meta":{"footnotes":""},"class_list":["post-5555","page","type-page","status-publish","hentry"],"yoast_head":"<!-- This site is optimized with the Yoast SEO plugin v27.4 - https:\/\/yoast.com\/product\/yoast-seo-wordpress\/ -->\n<title>Politique de confidentialit\u00e9 - ODASCE - information et formation en douane<\/title>\n<meta name=\"robots\" content=\"index, follow, max-snippet:-1, max-image-preview:large, max-video-preview:-1\" \/>\n<link rel=\"canonical\" href=\"https:\/\/odasce.asso.fr\/en\/politique-de-confidentialite\/\" \/>\n<meta property=\"og:locale\" content=\"en_GB\" \/>\n<meta property=\"og:type\" content=\"article\" \/>\n<meta property=\"og:title\" content=\"Politique de confidentialit\u00e9 - ODASCE - information et formation en douane\" \/>\n<meta property=\"og:description\" content=\"Politique de confidentialit\u00e9 La pr\u00e9sente politique de confidentialit\u00e9 vous informe de la mani\u00e8re dont l\u2019ODASCE utilise et prot\u00e8ge les informations que vous nous transmettez, le cas \u00e9ch\u00e9ant, lorsque vous utilisez le pr\u00e9sent site accessible \u00e0 partir de l\u2019URL suivante : www.odasce.asso.fr. Veuillez noter que cette politique de confidentialit\u00e9 est susceptible d\u2019\u00eatre modifi\u00e9e ou compl\u00e9t\u00e9e \u00e0 [&hellip;]\" \/>\n<meta property=\"og:url\" content=\"https:\/\/odasce.asso.fr\/en\/politique-de-confidentialite\/\" \/>\n<meta property=\"og:site_name\" content=\"ODASCE - information et formation en douane\" \/>\n<meta property=\"article:modified_time\" content=\"2026-01-07T16:02:20+00:00\" \/>\n<meta name=\"twitter:card\" content=\"summary_large_image\" \/>\n<meta name=\"twitter:label1\" content=\"Estimated reading time\" \/>\n\t<meta name=\"twitter:data1\" content=\"10 minutes\" \/>\n<script type=\"application\/ld+json\" class=\"yoast-schema-graph\">{\"@context\":\"https:\\\/\\\/schema.org\",\"@graph\":[{\"@type\":\"WebPage\",\"@id\":\"https:\\\/\\\/odasce.asso.fr\\\/politique-de-confidentialite\\\/\",\"url\":\"https:\\\/\\\/odasce.asso.fr\\\/politique-de-confidentialite\\\/\",\"name\":\"Politique de confidentialit\u00e9 - ODASCE - information et formation en douane\",\"isPartOf\":{\"@id\":\"https:\\\/\\\/odasce.asso.fr\\\/#website\"},\"datePublished\":\"2025-12-16T10:15:39+00:00\",\"dateModified\":\"2026-01-07T16:02:20+00:00\",\"breadcrumb\":{\"@id\":\"https:\\\/\\\/odasce.asso.fr\\\/politique-de-confidentialite\\\/#breadcrumb\"},\"inLanguage\":\"en-GB\",\"potentialAction\":[{\"@type\":\"ReadAction\",\"target\":[\"https:\\\/\\\/odasce.asso.fr\\\/politique-de-confidentialite\\\/\"]}]},{\"@type\":\"BreadcrumbList\",\"@id\":\"https:\\\/\\\/odasce.asso.fr\\\/politique-de-confidentialite\\\/#breadcrumb\",\"itemListElement\":[{\"@type\":\"ListItem\",\"position\":1,\"name\":\"Accueil\",\"item\":\"https:\\\/\\\/odasce.asso.fr\\\/\"},{\"@type\":\"ListItem\",\"position\":2,\"name\":\"Politique de confidentialit\u00e9\"}]},{\"@type\":\"WebSite\",\"@id\":\"https:\\\/\\\/odasce.asso.fr\\\/#website\",\"url\":\"https:\\\/\\\/odasce.asso.fr\\\/\",\"name\":\"ODASCE - information et formation en douane\",\"description\":\"votre expert en douane depuis 1972\",\"publisher\":{\"@id\":\"https:\\\/\\\/odasce.asso.fr\\\/#organization\"},\"alternateName\":\"ODASCE\",\"potentialAction\":[{\"@type\":\"SearchAction\",\"target\":{\"@type\":\"EntryPoint\",\"urlTemplate\":\"https:\\\/\\\/odasce.asso.fr\\\/?s={search_term_string}\"},\"query-input\":{\"@type\":\"PropertyValueSpecification\",\"valueRequired\":true,\"valueName\":\"search_term_string\"}}],\"inLanguage\":\"en-GB\"},{\"@type\":\"Organization\",\"@id\":\"https:\\\/\\\/odasce.asso.fr\\\/#organization\",\"name\":\"ODASCE - information et formation en douane\",\"alternateName\":\"ODASCE\",\"url\":\"https:\\\/\\\/odasce.asso.fr\\\/\",\"logo\":{\"@type\":\"ImageObject\",\"inLanguage\":\"en-GB\",\"@id\":\"https:\\\/\\\/odasce.asso.fr\\\/#\\\/schema\\\/logo\\\/image\\\/\",\"url\":\"https:\\\/\\\/odasce.asso.fr\\\/wp-content\\\/uploads\\\/2025\\\/10\\\/logo-site.png\",\"contentUrl\":\"https:\\\/\\\/odasce.asso.fr\\\/wp-content\\\/uploads\\\/2025\\\/10\\\/logo-site.png\",\"width\":1176,\"height\":986,\"caption\":\"ODASCE - information et formation en douane\"},\"image\":{\"@id\":\"https:\\\/\\\/odasce.asso.fr\\\/#\\\/schema\\\/logo\\\/image\\\/\"},\"sameAs\":[\"https:\\\/\\\/www.linkedin.com\\\/company\\\/10505789\\\/\"]}]}<\/script>\n<!-- \/ Yoast SEO plugin. -->","yoast_head_json":{"title":"Politique de confidentialit\u00e9 - ODASCE - information et formation en douane","robots":{"index":"index","follow":"follow","max-snippet":"max-snippet:-1","max-image-preview":"max-image-preview:large","max-video-preview":"max-video-preview:-1"},"canonical":"https:\/\/odasce.asso.fr\/en\/politique-de-confidentialite\/","og_locale":"en_GB","og_type":"article","og_title":"Politique de confidentialit\u00e9 - ODASCE - information et formation en douane","og_description":"Politique de confidentialit\u00e9 La pr\u00e9sente politique de confidentialit\u00e9 vous informe de la mani\u00e8re dont l\u2019ODASCE utilise et prot\u00e8ge les informations que vous nous transmettez, le cas \u00e9ch\u00e9ant, lorsque vous utilisez le pr\u00e9sent site accessible \u00e0 partir de l\u2019URL suivante : www.odasce.asso.fr. Veuillez noter que cette politique de confidentialit\u00e9 est susceptible d\u2019\u00eatre modifi\u00e9e ou compl\u00e9t\u00e9e \u00e0 [&hellip;]","og_url":"https:\/\/odasce.asso.fr\/en\/politique-de-confidentialite\/","og_site_name":"ODASCE - information et formation en douane","article_modified_time":"2026-01-07T16:02:20+00:00","twitter_card":"summary_large_image","twitter_misc":{"Estimated reading time":"10 minutes"},"schema":{"@context":"https:\/\/schema.org","@graph":[{"@type":"WebPage","@id":"https:\/\/odasce.asso.fr\/politique-de-confidentialite\/","url":"https:\/\/odasce.asso.fr\/politique-de-confidentialite\/","name":"Politique de confidentialit\u00e9 - ODASCE - information et formation en douane","isPartOf":{"@id":"https:\/\/odasce.asso.fr\/#website"},"datePublished":"2025-12-16T10:15:39+00:00","dateModified":"2026-01-07T16:02:20+00:00","breadcrumb":{"@id":"https:\/\/odasce.asso.fr\/politique-de-confidentialite\/#breadcrumb"},"inLanguage":"en-GB","potentialAction":[{"@type":"ReadAction","target":["https:\/\/odasce.asso.fr\/politique-de-confidentialite\/"]}]},{"@type":"BreadcrumbList","@id":"https:\/\/odasce.asso.fr\/politique-de-confidentialite\/#breadcrumb","itemListElement":[{"@type":"ListItem","position":1,"name":"Accueil","item":"https:\/\/odasce.asso.fr\/"},{"@type":"ListItem","position":2,"name":"Politique de confidentialit\u00e9"}]},{"@type":"WebSite","@id":"https:\/\/odasce.asso.fr\/#website","url":"https:\/\/odasce.asso.fr\/","name":"ODASCE - information et formation en douane","description":"votre expert en douane depuis 1972","publisher":{"@id":"https:\/\/odasce.asso.fr\/#organization"},"alternateName":"ODASCE","potentialAction":[{"@type":"SearchAction","target":{"@type":"EntryPoint","urlTemplate":"https:\/\/odasce.asso.fr\/?s={search_term_string}"},"query-input":{"@type":"PropertyValueSpecification","valueRequired":true,"valueName":"search_term_string"}}],"inLanguage":"en-GB"},{"@type":"Organization","@id":"https:\/\/odasce.asso.fr\/#organization","name":"ODASCE - information et formation en douane","alternateName":"ODASCE","url":"https:\/\/odasce.asso.fr\/","logo":{"@type":"ImageObject","inLanguage":"en-GB","@id":"https:\/\/odasce.asso.fr\/#\/schema\/logo\/image\/","url":"https:\/\/odasce.asso.fr\/wp-content\/uploads\/2025\/10\/logo-site.png","contentUrl":"https:\/\/odasce.asso.fr\/wp-content\/uploads\/2025\/10\/logo-site.png","width":1176,"height":986,"caption":"ODASCE - information et formation en douane"},"image":{"@id":"https:\/\/odasce.asso.fr\/#\/schema\/logo\/image\/"},"sameAs":["https:\/\/www.linkedin.com\/company\/10505789\/"]}]}},"_links":{"self":[{"href":"https:\/\/odasce.asso.fr\/en\/wp-json\/wp\/v2\/pages\/5555","targetHints":{"allow":["GET"]}}],"collection":[{"href":"https:\/\/odasce.asso.fr\/en\/wp-json\/wp\/v2\/pages"}],"about":[{"href":"https:\/\/odasce.asso.fr\/en\/wp-json\/wp\/v2\/types\/page"}],"author":[{"embeddable":true,"href":"https:\/\/odasce.asso.fr\/en\/wp-json\/wp\/v2\/users\/2"}],"replies":[{"embeddable":true,"href":"https:\/\/odasce.asso.fr\/en\/wp-json\/wp\/v2\/comments?post=5555"}],"version-history":[{"count":16,"href":"https:\/\/odasce.asso.fr\/en\/wp-json\/wp\/v2\/pages\/5555\/revisions"}],"predecessor-version":[{"id":7286,"href":"https:\/\/odasce.asso.fr\/en\/wp-json\/wp\/v2\/pages\/5555\/revisions\/7286"}],"wp:attachment":[{"href":"https:\/\/odasce.asso.fr\/en\/wp-json\/wp\/v2\/media?parent=5555"}],"curies":[{"name":"wp","href":"https:\/\/api.w.org\/{rel}","templated":true}]}}