{"id":638,"date":"2025-10-31T11:58:19","date_gmt":"2025-10-31T11:58:19","guid":{"rendered":"https:\/\/gj62qrbwbup.preview.infomaniak.website\/?page_id=638"},"modified":"2026-02-12T09:45:31","modified_gmt":"2026-02-12T09:45:31","slug":"evenements-douanes","status":"publish","type":"page","link":"https:\/\/odasce.asso.fr\/en\/evenements-douanes\/","title":{"rendered":"Events"},"content":{"rendered":"<div data-elementor-type=\"wp-page\" data-elementor-id=\"638\" class=\"elementor elementor-638\" data-elementor-post-type=\"page\">\n\t\t\t\t<div class=\"elementor-element elementor-element-25b2210e e-con-full e-flex e-con e-parent\" data-id=\"25b2210e\" data-element_type=\"container\" data-e-type=\"container\" data-settings=\"{&quot;background_background&quot;:&quot;gradient&quot;}\">\n\t\t<div class=\"elementor-element elementor-element-10066dcb e-flex e-con-boxed e-con e-child\" data-id=\"10066dcb\" data-element_type=\"container\" data-e-type=\"container\">\n\t\t\t\t\t<div class=\"e-con-inner\">\n\t\t\t\t<div class=\"elementor-element elementor-element-3309f030 elementor-widget__width-initial elementor-widget elementor-widget-heading\" data-id=\"3309f030\" data-element_type=\"widget\" data-e-type=\"widget\" data-widget_type=\"heading.default\">\n\t\t\t\t\t<h6 class=\"elementor-heading-title elementor-size-default\">CONSTRUIRE LE DIALOGUE ENTRE PROFESSIONNELS ET AVEC L'ADMINISTRATION<\/h6>\t\t\t\t<\/div>\n\t\t\t\t<div class=\"elementor-element elementor-element-43003460 elementor-widget__width-initial elementor-widget-mobile__width-inherit elementor-widget elementor-widget-heading\" data-id=\"43003460\" data-element_type=\"widget\" data-e-type=\"widget\" data-widget_type=\"heading.default\">\n\t\t\t\t\t<h1 class=\"elementor-heading-title elementor-size-default\">Diffuser, \u00e9changer et faire \u00e9voluer la pratique douani\u00e8re<\/h1>\t\t\t\t<\/div>\n\t\t\t\t\t<\/div>\n\t\t\t\t<\/div>\n\t\t\t\t<\/div>\n\t\t<div class=\"elementor-element elementor-element-2fcde362 e-flex e-con-boxed e-con e-parent\" data-id=\"2fcde362\" data-element_type=\"container\" data-e-type=\"container\" data-settings=\"{&quot;background_background&quot;:&quot;classic&quot;}\">\n\t\t\t\t\t<div class=\"e-con-inner\">\n\t\t<div class=\"elementor-element elementor-element-41ba1357 e-grid e-con-boxed e-con e-child\" data-id=\"41ba1357\" data-element_type=\"container\" data-e-type=\"container\">\n\t\t\t\t\t<div class=\"e-con-inner\">\n\t\t<div class=\"elementor-element elementor-element-629a670 e-con-full e-flex e-con e-child\" data-id=\"629a670\" data-element_type=\"container\" data-e-type=\"container\">\n\t\t\t\t<div class=\"elementor-element elementor-element-1b031850 elementor-widget-tablet__width-inherit elementor-widget elementor-widget-heading\" data-id=\"1b031850\" data-element_type=\"widget\" data-e-type=\"widget\" data-widget_type=\"heading.default\">\n\t\t\t\t\t<h2 class=\"elementor-heading-title elementor-size-default\">La communaut\u00e9 douani\u00e8re a rendez-vous avec l'actualit\u00e9<\/h2>\t\t\t\t<\/div>\n\t\t<div class=\"elementor-element elementor-element-0c4c1ac e-flex e-con-boxed e-con e-child\" data-id=\"0c4c1ac\" data-element_type=\"container\" data-e-type=\"container\">\n\t\t\t\t\t<div class=\"e-con-inner\">\n\t\t\t\t<div class=\"elementor-element elementor-element-5564d2d elementor-widget elementor-widget-image\" data-id=\"5564d2d\" data-element_type=\"widget\" data-e-type=\"widget\" data-widget_type=\"image.default\">\n\t\t\t\t\t\t\t\t\t\t\t\t\t\t\t<img fetchpriority=\"high\" decoding=\"async\" width=\"800\" height=\"600\" src=\"https:\/\/odasce.asso.fr\/wp-content\/uploads\/2025\/11\/TOTES-colloque2017--1024x768.png\" class=\"attachment-large size-large wp-image-2036\" alt=\"\" srcset=\"https:\/\/odasce.asso.fr\/wp-content\/uploads\/2025\/11\/TOTES-colloque2017--1024x768.png 1024w, https:\/\/odasce.asso.fr\/wp-content\/uploads\/2025\/11\/TOTES-colloque2017--300x225.png 300w, https:\/\/odasce.asso.fr\/wp-content\/uploads\/2025\/11\/TOTES-colloque2017--768x576.png 768w, https:\/\/odasce.asso.fr\/wp-content\/uploads\/2025\/11\/TOTES-colloque2017-.png 1134w\" sizes=\"(max-width: 800px) 100vw, 800px\" \/>\t\t\t\t\t\t\t\t\t\t\t\t\t\t\t<\/div>\n\t\t\t\t<div class=\"elementor-element elementor-element-a2bc9fb elementor-widget elementor-widget-image\" data-id=\"a2bc9fb\" data-element_type=\"widget\" data-e-type=\"widget\" data-widget_type=\"image.default\">\n\t\t\t\t\t\t\t\t\t\t\t\t\t\t\t<img decoding=\"async\" width=\"800\" height=\"600\" src=\"https:\/\/odasce.asso.fr\/wp-content\/uploads\/2025\/11\/Club-59-3-1024x768.jpg\" class=\"attachment-large size-large wp-image-813\" alt=\"\" srcset=\"https:\/\/odasce.asso.fr\/wp-content\/uploads\/2025\/11\/Club-59-3-1024x768.jpg 1024w, https:\/\/odasce.asso.fr\/wp-content\/uploads\/2025\/11\/Club-59-3-300x225.jpg 300w, https:\/\/odasce.asso.fr\/wp-content\/uploads\/2025\/11\/Club-59-3-768x576.jpg 768w, https:\/\/odasce.asso.fr\/wp-content\/uploads\/2025\/11\/Club-59-3-1536x1152.jpg 1536w, https:\/\/odasce.asso.fr\/wp-content\/uploads\/2025\/11\/Club-59-3-2048x1536.jpg 2048w\" sizes=\"(max-width: 800px) 100vw, 800px\" \/>\t\t\t\t\t\t\t\t\t\t\t\t\t\t\t<\/div>\n\t\t\t\t<div class=\"elementor-element elementor-element-d78a4c4 elementor-widget elementor-widget-image\" data-id=\"d78a4c4\" data-element_type=\"widget\" data-e-type=\"widget\" data-widget_type=\"image.default\">\n\t\t\t\t\t\t\t\t\t\t\t\t\t\t\t<img decoding=\"async\" width=\"800\" height=\"600\" src=\"https:\/\/odasce.asso.fr\/wp-content\/uploads\/2025\/11\/gala-1024x768.jpg\" class=\"attachment-large size-large wp-image-817\" alt=\"\" srcset=\"https:\/\/odasce.asso.fr\/wp-content\/uploads\/2025\/11\/gala-1024x768.jpg 1024w, https:\/\/odasce.asso.fr\/wp-content\/uploads\/2025\/11\/gala-300x225.jpg 300w, https:\/\/odasce.asso.fr\/wp-content\/uploads\/2025\/11\/gala-768x576.jpg 768w, https:\/\/odasce.asso.fr\/wp-content\/uploads\/2025\/11\/gala-1536x1152.jpg 1536w, https:\/\/odasce.asso.fr\/wp-content\/uploads\/2025\/11\/gala.jpg 1600w\" sizes=\"(max-width: 800px) 100vw, 800px\" \/>\t\t\t\t\t\t\t\t\t\t\t\t\t\t\t<\/div>\n\t\t\t\t\t<\/div>\n\t\t\t\t<\/div>\n\t\t\t\t<\/div>\n\t\t\t\t<div class=\"elementor-element elementor-element-7e8f3347 elementor-widget-tablet__width-inherit elementor-widget elementor-widget-text-editor\" data-id=\"7e8f3347\" data-element_type=\"widget\" data-e-type=\"widget\" data-widget_type=\"text-editor.default\">\n\t\t\t\t\t\t\t\t\t<p data-start=\"241\" data-end=\"571\">L\u2019ODASCE organise tout au long de l\u2019ann\u00e9e de nombreux \u00e9v\u00e9nements d\u00e9di\u00e9s \u00e0 la douane et au commerce international.<\/p><p data-start=\"241\" data-end=\"571\">V\u00e9ritables espaces d\u2019\u00e9changes entre <strong data-start=\"399\" data-end=\"451\">entreprises, experts et administration douani\u00e8re<\/strong>, ces rencontres favorisent la <strong data-start=\"482\" data-end=\"525\">diffusion d\u2019informations r\u00e9glementaires<\/strong> et le <strong data-start=\"532\" data-end=\"568\">partage d\u2019exp\u00e9riences de terrain<\/strong>.<\/p><p data-start=\"573\" data-end=\"847\">Nos rencontres permettent d\u2019anticiper les \u00e9volutions r\u00e9glementaires, de <strong data-start=\"726\" data-end=\"761\">comprendre les enjeux europ\u00e9ens<\/strong> et d\u2019<strong data-start=\"767\" data-end=\"803\">adapter les pratiques douani\u00e8res<\/strong> aux r\u00e9alit\u00e9s \u00e9conomiques des entreprises<\/p>\t\t\t\t\t\t\t\t<\/div>\n\t\t\t\t\t<\/div>\n\t\t\t\t<\/div>\n\t\t<div class=\"elementor-element elementor-element-d2f2b8f e-flex e-con-boxed e-con e-child\" data-id=\"d2f2b8f\" data-element_type=\"container\" data-e-type=\"container\" data-settings=\"{&quot;background_background&quot;:&quot;classic&quot;,&quot;animation&quot;:&quot;none&quot;}\">\n\t\t\t\t\t<div class=\"e-con-inner\">\n\t\t\t\t<div class=\"elementor-element elementor-element-f8fe0a4 elementor-widget__width-initial elementor-widget elementor-widget-zigzag\" data-id=\"f8fe0a4\" data-element_type=\"widget\" data-e-type=\"widget\" data-settings=\"{&quot;image_shape&quot;:&quot;round&quot;,&quot;primary_button_shape&quot;:&quot;round&quot;}\" data-widget_type=\"zigzag.default\">\n\t\t\t\t<div class=\"elementor-widget-container\">\n\t\t\t\t\t\t\t<div class=\"ehp-zigzag has-direction-start\">\n\t\t\t\t\t\t\t<div class=\"ehp-zigzag__item-wrapper\">\n\t\t\t\t\t<div class=\"ehp-zigzag__item-container\">\n\t\t\t\t\t\t\t\t<div class=\"ehp-zigzag__graphic-element-container has-image\">\n\t\t\t\t\t\t<div class=\"ehp-image ehp-zigzag__image-container\">\n\t\t\t\t<img decoding=\"async\" class=\"ehp-image__img ehp-zigzag__img has-shape-round shape-type-image\" src=\"https:\/\/odasce.asso.fr\/wp-content\/uploads\/2025\/11\/ODASCE-Camera-1-126-scaled.jpg\" title=\"ODASCE &#8211; Came\u0301ra 1 &#8211; 126\" alt=\"ODASCE - Came\u0301ra 1 - 126\" loading=\"lazy\" \/>\t\t\t<\/div>\n\t\t\t\t\t<\/div>\n\t\t\t\t<div class=\"ehp-zigzag__text-container is-graphic-image\">\n\t\t\t<h2 class=\"ehp-zigzag__title\">Le Colloque Douanier Europ\u00e9en<\/h2><p class=\"ehp-zigzag__description\">\u00c9v\u00e9nement phare de l\u2019ODASCE depuis 1991, le Colloque Douanier Europ\u00e9en r\u00e9unit tous les deux ans les acteurs cl\u00e9s de la douane et du commerce international pendant deux jours. <br><br>Autour de th\u00e8mes d\u2019actualit\u00e9 et de prospective, experts, entreprises et institutions croisent leurs regards pour analyser les enjeux pr\u00e9sents et anticiper les \u00e9volutions \u00e0 venir.\n<br><br>Tables rondes, keynotes, hot topics et ateliers de travail rythment ces journ\u00e9es, offrant une vision claire des tendances douani\u00e8res europ\u00e9ennes et des orientations strat\u00e9giques pour les op\u00e9rateurs \u00e9conomiques.<\/p>\t\t<div class=\"ehp-zigzag__button-container\">\n\t\t\t<a class=\"ehp-button ehp-button--primary ehp-zigzag__button ehp-zigzag__button--primary is-type-button has-border has-shape-round shape-type-button\" href=\"https:\/\/odasce.asso.fr\/en\/colloque-douanier-europeen\/\">\n\t\t\t\t<span class=\"ehp-zigzag__button-text\">READ MORE<\/span>\t\t\t\t\t<\/a>\n\t\t<\/div>\n\t\t\t\t<\/div>\n\t\t\t\t\t\t\t<\/div>\n\t\t\t\t<\/div>\n\t\t\t\t\t\t\t\t<div class=\"ehp-zigzag__item-wrapper\">\n\t\t\t\t\t<div class=\"ehp-zigzag__item-container\">\n\t\t\t\t\t\t\t\t<div class=\"ehp-zigzag__graphic-element-container has-image\">\n\t\t\t\t\t\t<div class=\"ehp-image ehp-zigzag__image-container ehp-image ehp-zigzag__image-container\">\n\t\t\t\t<img decoding=\"async\" class=\"ehp-image__img ehp-zigzag__img has-shape-round shape-type-image\" src=\"https:\/\/odasce.asso.fr\/wp-content\/uploads\/2025\/11\/2025-09-CPD-scaled.jpeg\" title=\"2025 09 CPD\" alt=\"2025 09 CPD\" loading=\"lazy\" \/>\t\t\t<\/div>\n\t\t\t\t\t<\/div>\n\t\t\t\t<div class=\"ehp-zigzag__text-container is-graphic-image\">\n\t\t\t<h2 class=\"ehp-zigzag__title\">Les Commissions &amp; <br>Groupes de travail<\/h2><p class=\"ehp-zigzag__description\">Tout au long de l\u2019ann\u00e9e, l\u2019ODASCE anime des commissions de r\u00e9flexion et des groupes de travail r\u00e9serv\u00e9s \u00e0 ses adh\u00e9rents, r\u00e9unissant entreprises membres et ponctuellement, des repr\u00e9sentants de l\u2019administration douani\u00e8re.<br><br>\nCes espaces collaboratifs permettent de faire remonter les besoins du terrain, de partager les bonnes pratiques et de faire entendre la voix des entreprises dans l\u2019\u00e9volution de la r\u00e9glementation douani\u00e8re.<\/p>\t\t<div class=\"ehp-zigzag__button-container ehp-zigzag__button-container\">\n\t\t\t<a class=\"ehp-button ehp-button--primary ehp-zigzag__button ehp-zigzag__button--primary is-type-button has-border has-shape-round shape-type-button\" href=\"https:\/\/odasce.asso.fr\/en\/les-commissions-groupes-de-travail\/\">\n\t\t\t\t<span class=\"ehp-zigzag__button-text\">READ MORE<\/span>\t\t\t\t\t<\/a>\n\t\t<\/div>\n\t\t\t\t<\/div>\n\t\t\t\t\t\t\t<\/div>\n\t\t\t\t<\/div>\n\t\t\t\t\t\t\t<\/div>\n\t\t\t\t\t\t<\/div>\n\t\t\t\t<\/div>\n\t\t\t\t\t<\/div>\n\t\t\t\t<\/div>\n\t\t\t\t\t<\/div>\n\t\t\t\t<\/div>\n\t\t\t\t<\/div>","protected":false},"excerpt":{"rendered":"<p>CONSTRUIRE LE DIALOGUE ENTRE PROFESSIONNELS ET AVEC L&rsquo;ADMINISTRATION Diffuser, \u00e9changer et faire \u00e9voluer la pratique douani\u00e8re La communaut\u00e9 douani\u00e8re a rendez-vous avec l&rsquo;actualit\u00e9 L\u2019ODASCE organise tout au long de l\u2019ann\u00e9e de nombreux \u00e9v\u00e9nements d\u00e9di\u00e9s \u00e0 la douane et au commerce international. V\u00e9ritables espaces d\u2019\u00e9changes entre entreprises, experts et administration douani\u00e8re, ces rencontres favorisent la diffusion [&hellip;]<\/p>\n","protected":false},"author":2,"featured_media":0,"parent":0,"menu_order":0,"comment_status":"closed","ping_status":"closed","template":"","meta":{"footnotes":""},"class_list":["post-638","page","type-page","status-publish","hentry"],"yoast_head":"<!-- This site is optimized with the Yoast SEO plugin v27.4 - https:\/\/yoast.com\/product\/yoast-seo-wordpress\/ -->\n<title>\u00c9v\u00e9nements - ODASCE - information et formation en douane<\/title>\n<meta name=\"description\" content=\"Colloque Douanier Europ\u00e9en, conf\u00e9rences et ateliers : les \u00e9v\u00e9nements ODASCE rassemblent experts et entreprises pour d\u00e9crypter les enjeux douaniers europ\u00e9ens.\" \/>\n<meta name=\"robots\" content=\"index, follow, max-snippet:-1, max-image-preview:large, max-video-preview:-1\" \/>\n<link rel=\"canonical\" href=\"https:\/\/odasce.asso.fr\/en\/evenements-douanes\/\" \/>\n<meta property=\"og:locale\" content=\"en_GB\" \/>\n<meta property=\"og:type\" content=\"article\" \/>\n<meta property=\"og:title\" content=\"\u00c9v\u00e9nements - ODASCE - information et formation en douane\" \/>\n<meta property=\"og:description\" content=\"Colloque Douanier Europ\u00e9en, conf\u00e9rences et ateliers : les \u00e9v\u00e9nements ODASCE rassemblent experts et entreprises pour d\u00e9crypter les enjeux douaniers europ\u00e9ens.\" \/>\n<meta property=\"og:url\" content=\"https:\/\/odasce.asso.fr\/en\/evenements-douanes\/\" \/>\n<meta property=\"og:site_name\" content=\"ODASCE - information et formation en douane\" \/>\n<meta property=\"article:modified_time\" content=\"2026-02-12T09:45:31+00:00\" \/>\n<meta property=\"og:image\" content=\"https:\/\/odasce.asso.fr\/wp-content\/uploads\/2025\/11\/TOTES-colloque2017-.png\" \/>\n\t<meta property=\"og:image:width\" content=\"1134\" \/>\n\t<meta property=\"og:image:height\" content=\"851\" \/>\n\t<meta property=\"og:image:type\" content=\"image\/png\" \/>\n<meta name=\"twitter:card\" content=\"summary_large_image\" \/>\n<meta name=\"twitter:label1\" content=\"Estimated reading time\" \/>\n\t<meta name=\"twitter:data1\" content=\"2 minutes\" \/>\n<script type=\"application\/ld+json\" class=\"yoast-schema-graph\">{\"@context\":\"https:\\\/\\\/schema.org\",\"@graph\":[{\"@type\":\"WebPage\",\"@id\":\"https:\\\/\\\/odasce.asso.fr\\\/evenements-douanes\\\/\",\"url\":\"https:\\\/\\\/odasce.asso.fr\\\/evenements-douanes\\\/\",\"name\":\"\u00c9v\u00e9nements - ODASCE - information et formation en douane\",\"isPartOf\":{\"@id\":\"https:\\\/\\\/odasce.asso.fr\\\/#website\"},\"primaryImageOfPage\":{\"@id\":\"https:\\\/\\\/odasce.asso.fr\\\/evenements-douanes\\\/#primaryimage\"},\"image\":{\"@id\":\"https:\\\/\\\/odasce.asso.fr\\\/evenements-douanes\\\/#primaryimage\"},\"thumbnailUrl\":\"https:\\\/\\\/odasce.asso.fr\\\/wp-content\\\/uploads\\\/2025\\\/11\\\/TOTES-colloque2017--1024x768.png\",\"datePublished\":\"2025-10-31T11:58:19+00:00\",\"dateModified\":\"2026-02-12T09:45:31+00:00\",\"description\":\"Colloque Douanier Europ\u00e9en, conf\u00e9rences et ateliers : les \u00e9v\u00e9nements ODASCE rassemblent experts et entreprises pour d\u00e9crypter les enjeux douaniers europ\u00e9ens.\",\"breadcrumb\":{\"@id\":\"https:\\\/\\\/odasce.asso.fr\\\/evenements-douanes\\\/#breadcrumb\"},\"inLanguage\":\"en-GB\",\"potentialAction\":[{\"@type\":\"ReadAction\",\"target\":[\"https:\\\/\\\/odasce.asso.fr\\\/evenements-douanes\\\/\"]}]},{\"@type\":\"ImageObject\",\"inLanguage\":\"en-GB\",\"@id\":\"https:\\\/\\\/odasce.asso.fr\\\/evenements-douanes\\\/#primaryimage\",\"url\":\"https:\\\/\\\/odasce.asso.fr\\\/wp-content\\\/uploads\\\/2025\\\/11\\\/TOTES-colloque2017--1024x768.png\",\"contentUrl\":\"https:\\\/\\\/odasce.asso.fr\\\/wp-content\\\/uploads\\\/2025\\\/11\\\/TOTES-colloque2017--1024x768.png\"},{\"@type\":\"BreadcrumbList\",\"@id\":\"https:\\\/\\\/odasce.asso.fr\\\/evenements-douanes\\\/#breadcrumb\",\"itemListElement\":[{\"@type\":\"ListItem\",\"position\":1,\"name\":\"Accueil\",\"item\":\"https:\\\/\\\/odasce.asso.fr\\\/\"},{\"@type\":\"ListItem\",\"position\":2,\"name\":\"\u00c9v\u00e9nements\"}]},{\"@type\":\"WebSite\",\"@id\":\"https:\\\/\\\/odasce.asso.fr\\\/#website\",\"url\":\"https:\\\/\\\/odasce.asso.fr\\\/\",\"name\":\"ODASCE - information et formation en douane\",\"description\":\"votre expert en douane depuis 1972\",\"publisher\":{\"@id\":\"https:\\\/\\\/odasce.asso.fr\\\/#organization\"},\"alternateName\":\"ODASCE\",\"potentialAction\":[{\"@type\":\"SearchAction\",\"target\":{\"@type\":\"EntryPoint\",\"urlTemplate\":\"https:\\\/\\\/odasce.asso.fr\\\/?s={search_term_string}\"},\"query-input\":{\"@type\":\"PropertyValueSpecification\",\"valueRequired\":true,\"valueName\":\"search_term_string\"}}],\"inLanguage\":\"en-GB\"},{\"@type\":\"Organization\",\"@id\":\"https:\\\/\\\/odasce.asso.fr\\\/#organization\",\"name\":\"ODASCE - information et formation en douane\",\"alternateName\":\"ODASCE\",\"url\":\"https:\\\/\\\/odasce.asso.fr\\\/\",\"logo\":{\"@type\":\"ImageObject\",\"inLanguage\":\"en-GB\",\"@id\":\"https:\\\/\\\/odasce.asso.fr\\\/#\\\/schema\\\/logo\\\/image\\\/\",\"url\":\"https:\\\/\\\/odasce.asso.fr\\\/wp-content\\\/uploads\\\/2025\\\/10\\\/logo-site.png\",\"contentUrl\":\"https:\\\/\\\/odasce.asso.fr\\\/wp-content\\\/uploads\\\/2025\\\/10\\\/logo-site.png\",\"width\":1176,\"height\":986,\"caption\":\"ODASCE - information et formation en douane\"},\"image\":{\"@id\":\"https:\\\/\\\/odasce.asso.fr\\\/#\\\/schema\\\/logo\\\/image\\\/\"},\"sameAs\":[\"https:\\\/\\\/www.linkedin.com\\\/company\\\/10505789\\\/\"]}]}<\/script>\n<!-- \/ Yoast SEO plugin. -->","yoast_head_json":{"title":"\u00c9v\u00e9nements - ODASCE - information et formation en douane","description":"Colloque Douanier Europ\u00e9en, conf\u00e9rences et ateliers : les \u00e9v\u00e9nements ODASCE rassemblent experts et entreprises pour d\u00e9crypter les enjeux douaniers europ\u00e9ens.","robots":{"index":"index","follow":"follow","max-snippet":"max-snippet:-1","max-image-preview":"max-image-preview:large","max-video-preview":"max-video-preview:-1"},"canonical":"https:\/\/odasce.asso.fr\/en\/evenements-douanes\/","og_locale":"en_GB","og_type":"article","og_title":"\u00c9v\u00e9nements - ODASCE - information et formation en douane","og_description":"Colloque Douanier Europ\u00e9en, conf\u00e9rences et ateliers : les \u00e9v\u00e9nements ODASCE rassemblent experts et entreprises pour d\u00e9crypter les enjeux douaniers europ\u00e9ens.","og_url":"https:\/\/odasce.asso.fr\/en\/evenements-douanes\/","og_site_name":"ODASCE - information et formation en douane","article_modified_time":"2026-02-12T09:45:31+00:00","og_image":[{"width":1134,"height":851,"url":"https:\/\/odasce.asso.fr\/wp-content\/uploads\/2025\/11\/TOTES-colloque2017-.png","type":"image\/png"}],"twitter_card":"summary_large_image","twitter_misc":{"Estimated reading time":"2 minutes"},"schema":{"@context":"https:\/\/schema.org","@graph":[{"@type":"WebPage","@id":"https:\/\/odasce.asso.fr\/evenements-douanes\/","url":"https:\/\/odasce.asso.fr\/evenements-douanes\/","name":"\u00c9v\u00e9nements - ODASCE - information et formation en douane","isPartOf":{"@id":"https:\/\/odasce.asso.fr\/#website"},"primaryImageOfPage":{"@id":"https:\/\/odasce.asso.fr\/evenements-douanes\/#primaryimage"},"image":{"@id":"https:\/\/odasce.asso.fr\/evenements-douanes\/#primaryimage"},"thumbnailUrl":"https:\/\/odasce.asso.fr\/wp-content\/uploads\/2025\/11\/TOTES-colloque2017--1024x768.png","datePublished":"2025-10-31T11:58:19+00:00","dateModified":"2026-02-12T09:45:31+00:00","description":"Colloque Douanier Europ\u00e9en, conf\u00e9rences et ateliers : les \u00e9v\u00e9nements ODASCE rassemblent experts et entreprises pour d\u00e9crypter les enjeux douaniers europ\u00e9ens.","breadcrumb":{"@id":"https:\/\/odasce.asso.fr\/evenements-douanes\/#breadcrumb"},"inLanguage":"en-GB","potentialAction":[{"@type":"ReadAction","target":["https:\/\/odasce.asso.fr\/evenements-douanes\/"]}]},{"@type":"ImageObject","inLanguage":"en-GB","@id":"https:\/\/odasce.asso.fr\/evenements-douanes\/#primaryimage","url":"https:\/\/odasce.asso.fr\/wp-content\/uploads\/2025\/11\/TOTES-colloque2017--1024x768.png","contentUrl":"https:\/\/odasce.asso.fr\/wp-content\/uploads\/2025\/11\/TOTES-colloque2017--1024x768.png"},{"@type":"BreadcrumbList","@id":"https:\/\/odasce.asso.fr\/evenements-douanes\/#breadcrumb","itemListElement":[{"@type":"ListItem","position":1,"name":"Accueil","item":"https:\/\/odasce.asso.fr\/"},{"@type":"ListItem","position":2,"name":"\u00c9v\u00e9nements"}]},{"@type":"WebSite","@id":"https:\/\/odasce.asso.fr\/#website","url":"https:\/\/odasce.asso.fr\/","name":"ODASCE - information et formation en douane","description":"votre expert en douane depuis 1972","publisher":{"@id":"https:\/\/odasce.asso.fr\/#organization"},"alternateName":"ODASCE","potentialAction":[{"@type":"SearchAction","target":{"@type":"EntryPoint","urlTemplate":"https:\/\/odasce.asso.fr\/?s={search_term_string}"},"query-input":{"@type":"PropertyValueSpecification","valueRequired":true,"valueName":"search_term_string"}}],"inLanguage":"en-GB"},{"@type":"Organization","@id":"https:\/\/odasce.asso.fr\/#organization","name":"ODASCE - information et formation en douane","alternateName":"ODASCE","url":"https:\/\/odasce.asso.fr\/","logo":{"@type":"ImageObject","inLanguage":"en-GB","@id":"https:\/\/odasce.asso.fr\/#\/schema\/logo\/image\/","url":"https:\/\/odasce.asso.fr\/wp-content\/uploads\/2025\/10\/logo-site.png","contentUrl":"https:\/\/odasce.asso.fr\/wp-content\/uploads\/2025\/10\/logo-site.png","width":1176,"height":986,"caption":"ODASCE - information et formation en douane"},"image":{"@id":"https:\/\/odasce.asso.fr\/#\/schema\/logo\/image\/"},"sameAs":["https:\/\/www.linkedin.com\/company\/10505789\/"]}]}},"_links":{"self":[{"href":"https:\/\/odasce.asso.fr\/en\/wp-json\/wp\/v2\/pages\/638","targetHints":{"allow":["GET"]}}],"collection":[{"href":"https:\/\/odasce.asso.fr\/en\/wp-json\/wp\/v2\/pages"}],"about":[{"href":"https:\/\/odasce.asso.fr\/en\/wp-json\/wp\/v2\/types\/page"}],"author":[{"embeddable":true,"href":"https:\/\/odasce.asso.fr\/en\/wp-json\/wp\/v2\/users\/2"}],"replies":[{"embeddable":true,"href":"https:\/\/odasce.asso.fr\/en\/wp-json\/wp\/v2\/comments?post=638"}],"version-history":[{"count":128,"href":"https:\/\/odasce.asso.fr\/en\/wp-json\/wp\/v2\/pages\/638\/revisions"}],"predecessor-version":[{"id":9801,"href":"https:\/\/odasce.asso.fr\/en\/wp-json\/wp\/v2\/pages\/638\/revisions\/9801"}],"wp:attachment":[{"href":"https:\/\/odasce.asso.fr\/en\/wp-json\/wp\/v2\/media?parent=638"}],"curies":[{"name":"wp","href":"https:\/\/api.w.org\/{rel}","templated":true}]}}