{"id":8680,"date":"2026-01-11T13:49:01","date_gmt":"2026-01-11T13:49:01","guid":{"rendered":"https:\/\/gj62qrbwbup.preview.infomaniak.website\/?page_id=8680"},"modified":"2026-01-26T13:11:45","modified_gmt":"2026-01-26T13:11:45","slug":"formulaire-adhesion-personne-physique","status":"publish","type":"page","link":"https:\/\/odasce.asso.fr\/en\/formulaire-adhesion-personne-physique\/","title":{"rendered":"Formulaire adhesion personne physique"},"content":{"rendered":"\t\t<div data-elementor-type=\"wp-page\" data-elementor-id=\"8680\" class=\"elementor elementor-8680\" data-elementor-post-type=\"page\">\n\t\t\t\t<div class=\"elementor-element elementor-element-f8aa90b e-flex e-con-boxed e-con e-parent\" data-id=\"f8aa90b\" data-element_type=\"container\" data-e-type=\"container\" data-settings=\"{&quot;background_background&quot;:&quot;classic&quot;}\">\n\t\t\t\t\t<div class=\"e-con-inner\">\n\t\t<div class=\"elementor-element elementor-element-19451a8 e-con-full e-flex e-con e-child\" data-id=\"19451a8\" data-element_type=\"container\" data-e-type=\"container\">\n\t\t\t\t<div class=\"elementor-element elementor-element-f837a03 elementor-widget elementor-widget-heading\" data-id=\"f837a03\" data-element_type=\"widget\" data-e-type=\"widget\" data-widget_type=\"heading.default\">\n\t\t\t\t\t<h2 class=\"elementor-heading-title elementor-size-default\">ADH\u00c9SION  PERSONNE PHYSIQUE<\/h2>\t\t\t\t<\/div>\n\t\t\t\t<\/div>\n\t\t\t\t<div class=\"elementor-element elementor-element-772357b elementor-widget__width-initial elementor-widget elementor-widget-ehp-form\" data-id=\"772357b\" data-element_type=\"widget\" data-e-type=\"widget\" data-settings=\"{&quot;button_width&quot;:&quot;33&quot;,&quot;layout_preset&quot;:&quot;quick-connect&quot;,&quot;button_shape&quot;:&quot;default&quot;,&quot;box_shape&quot;:&quot;sharp&quot;}\" data-widget_type=\"ehp-form.default\">\n\t\t\t\t<div class=\"elementor-widget-container\">\n\t\t\t\t\t\t\t<form class=\"has-shape-sharp shape-type-box ehp-form has-layout-preset-quick-connect\" name=\"Formulaire adhesion P\" method=\"post\" id=\"\">\n\t\t\t\t\t<div class=\"ehp-form__text-container\">\n\t\t\t<h2 class=\"ehp-form__heading\">BULLETIN D'ADH\u00c9SION <\/h2><p class=\"ehp-form__description\">Remplissez le formulaire ci-dessous pour adh\u00e9rer \u00e0 l'association<\/p>\t\t<\/div>\n\t\t\t\t\t<input type=\"hidden\" name=\"post_id\" value=\"8680\"\/>\n\t\t\t<input type=\"hidden\" name=\"form_id\" value=\"772357b\"\/>\n\t\t\t<input type=\"hidden\" name=\"referer_title\" value=\"Formulaire adhesion personne physique - ODASCE - information et formation en douane\"\/>\n\n\t\t\t\t\t\t\t<input type=\"hidden\" name=\"queried_id\" value=\"8680\"\/>\n\t\t\t\n\t\t\t<div class=\"ehp-form__content\">\n\t\t\t\t\t\t\t\t<div class=\"ehp-form__wrapper\">\n\t\t\t\t\t\t\t\t\t\t\t<div class=\"ehp-form__field-group is-field-type-text is-field-group-name has-width-100 has-width-md-100 has-width-sm-100 is-field-required is-mark-required has-border has-shape-rounded\">\n\t\t\t\t\t\t\t\t\t\t\t\t\t\t\t<label for=\"form-field-name\" class=\"ehp-form__field-label\">\n\t\t\t\t\t\t\t\t\t\ud83d\udc64 CORRESPONDANT ADH\u00c9SION\t\t\t\t\t\t\t\t<\/label>\n\t\t\t\t\t\t\t\t\t\t\t\t\t\t\t\t\t<input size=\"1\" type=\"text\" name=\"form_fields[name]\" id=\"form-field-name\" class=\"ehp-form__field elementor-size-sm  elementor-field-textual\" placeholder=\"Nom &amp; Pr\u00e9nom\" required=\"required\" aria-required=\"true\">\n\t\t\t\t\t\t\t\t\t\t\t\t\t\t\t<\/div>\n\t\t\t\t\t\t\t\t\t\t\t<div class=\"ehp-form__field-group is-field-type-email is-field-group-email has-width-50 has-width-md-100 has-width-sm-100 is-field-required is-mark-required has-border has-shape-rounded\">\n\t\t\t\t\t\t\t\t\t\t\t\t\t\t\t<label for=\"form-field-email\" class=\"ehp-form__field-label\">\n\t\t\t\t\t\t\t\t\tE-MAIL\t\t\t\t\t\t\t\t<\/label>\n\t\t\t\t\t\t\t\t\t\t\t\t\t\t\t\t\t<input size=\"1\" type=\"email\" name=\"form_fields[email]\" id=\"form-field-email\" class=\"ehp-form__field elementor-size-sm  elementor-field-textual\" required=\"required\" aria-required=\"true\">\n\t\t\t\t\t\t\t\t\t\t\t\t\t\t\t<\/div>\n\t\t\t\t\t\t\t\t\t\t\t<div class=\"ehp-form__field-group is-field-type-ehp-tel is-field-group-field_4869d39 has-width-50 has-width-md-100 has-width-sm-100 is-field-required is-mark-required has-border has-shape-rounded\">\n\t\t\t\t\t\t\t\t\t\t\t\t\t\t\t<label for=\"form-field-field_4869d39\" class=\"ehp-form__field-label\">\n\t\t\t\t\t\t\t\t\tN\u00b0 DE T\u00c9L\u00c9PHONE\t\t\t\t\t\t\t\t<\/label>\n\t\t\t\t\t\t\t\t\t\t<input size=\"1\" type=\"ehp-tel\" name=\"form_fields[field_4869d39]\" id=\"form-field-field_4869d39\" class=\"ehp-form__field elementor-size-sm  elementor-field-textual\" required=\"required\" aria-required=\"true\" pattern=\"[0-9()#&amp;+*\\-=.]+\" title=\"Seuls les chiffres et caract\u00e8res de t\u00e9l\u00e9phone (#, -, *, etc.) sont accept\u00e9s.\">\n\n\t\t\t\t\t\t\t\t<\/div>\n\t\t\t\t\t\t\t\t\t\t\t<div class=\"ehp-form__field-group is-field-type-textarea is-field-group-field_e895540 has-width-100 has-width-md-100 has-width-sm-100 is-field-required is-mark-required has-border has-shape-rounded\">\n\t\t\t\t\t\t\t\t\t\t\t\t\t\t\t<label for=\"form-field-field_e895540\" class=\"ehp-form__field-label\">\n\t\t\t\t\t\t\t\t\tADRESSE DE FACTURATION\t\t\t\t\t\t\t\t<\/label>\n\t\t\t\t\t\t\t\t<textarea class=\"elementor-field-textual ehp-form__field eph-form__textarea  elementor-size-sm\" name=\"form_fields[field_e895540]\" id=\"form-field-field_e895540\" rows=\"4\" required=\"required\"><\/textarea>\t\t\t\t\t\t<\/div>\n\t\t\t\t\t\t\t\t\t\t\t<div class=\"ehp-form__field-group is-field-type-text is-field-group-field_c0a8662 has-width-50 has-width-md-100 has-width-sm-100 is-field-required is-mark-required has-border has-shape-rounded\">\n\t\t\t\t\t\t\t\t\t\t\t\t\t\t\t<label for=\"form-field-field_c0a8662\" class=\"ehp-form__field-label\">\n\t\t\t\t\t\t\t\t\tCODE POSTAL\t\t\t\t\t\t\t\t<\/label>\n\t\t\t\t\t\t\t\t\t\t\t\t\t\t\t\t\t<input size=\"1\" type=\"text\" name=\"form_fields[field_c0a8662]\" id=\"form-field-field_c0a8662\" class=\"ehp-form__field elementor-size-sm  elementor-field-textual\" required=\"required\" aria-required=\"true\">\n\t\t\t\t\t\t\t\t\t\t\t\t\t\t\t<\/div>\n\t\t\t\t\t\t\t\t\t\t\t<div class=\"ehp-form__field-group is-field-type-text is-field-group-field_3f5a239 has-width-50 has-width-md-100 has-width-sm-100 is-field-required is-mark-required has-border has-shape-rounded\">\n\t\t\t\t\t\t\t\t\t\t\t\t\t\t\t<label for=\"form-field-field_3f5a239\" class=\"ehp-form__field-label\">\n\t\t\t\t\t\t\t\t\tVILLE\t\t\t\t\t\t\t\t<\/label>\n\t\t\t\t\t\t\t\t\t\t\t\t\t\t\t\t\t<input size=\"1\" type=\"text\" name=\"form_fields[field_3f5a239]\" id=\"form-field-field_3f5a239\" class=\"ehp-form__field elementor-size-sm  elementor-field-textual\" required=\"required\" aria-required=\"true\">\n\t\t\t\t\t\t\t\t\t\t\t\t\t\t\t<\/div>\n\t\t\t\t\t\t\t\t\t\t\t<div class=\"ehp-form__field-group is-field-type-text is-field-group-field_dbdd644 has-width-100 has-width-md-100 has-width-sm-100 has-border has-shape-rounded\">\n\t\t\t\t\t\t\t\t\t\t\t\t\t\t\t<label for=\"form-field-field_dbdd644\" class=\"ehp-form__field-label\">\n\t\t\t\t\t\t\t\t\tPAYS\t\t\t\t\t\t\t\t<\/label>\n\t\t\t\t\t\t\t\t\t\t\t\t\t\t\t\t\t<input size=\"1\" type=\"text\" name=\"form_fields[field_dbdd644]\" id=\"form-field-field_dbdd644\" class=\"ehp-form__field elementor-size-sm  elementor-field-textual\">\n\t\t\t\t\t\t\t\t\t\t\t\t\t\t\t<\/div>\n\t\t\t\t\t\t\t\t\t\t\t<div class=\"ehp-form__field-group is-field-type-textarea is-field-group-field_25e6228 has-width-100 has-width-md-100 has-width-sm-100 has-border has-shape-rounded\">\n\t\t\t\t\t\t\t\t\t\t\t\t\t\t\t<label for=\"form-field-field_25e6228\" class=\"ehp-form__field-label\">\n\t\t\t\t\t\t\t\t\tCONSIGNES OU INFORMATIONS SUPPL\u00c9MENTAIRES\t\t\t\t\t\t\t\t<\/label>\n\t\t\t\t\t\t\t\t<textarea class=\"elementor-field-textual ehp-form__field eph-form__textarea  elementor-size-sm\" name=\"form_fields[field_25e6228]\" id=\"form-field-field_25e6228\" rows=\"4\"><\/textarea>\t\t\t\t\t\t<\/div>\n\t\t\t\t\t\t\t\t\t\t\t<div class=\"ehp-form__field-group is-field-type-ehp-acceptance is-field-group-field_1d912f6 has-width-50 has-width-md-100 has-width-sm-100 is-field-required is-mark-required has-border has-shape-rounded\">\n\t\t\t\t\t\t\t\t\t\t\t\t\t\t\t<label for=\"form-field-field_1d912f6\" class=\"ehp-form__field-label\">\n\t\t\t\t\t\t\t\t\tJ&#039;ai lu et j&#039;accepte le r\u00e8glement int\u00e9rieur de l&#039;ODASCE\t\t\t\t\t\t\t\t<\/label>\n\t\t\t\t\t\t\t\t\t\t<div class=\"elementor-field-subgroup\">\n\t\t\t<span class=\"elementor-field-option\">\n\t\t\t\t<input type=\"checkbox\" name=\"form_fields[field_1d912f6]\" id=\"form-field-field_1d912f6\" class=\"ehp-form__field elementor-size-sm  elementor-acceptance-field\" required=\"required\" aria-required=\"true\">\n\t\t\t\t\t\t\t<\/span>\n\t\t<\/div>\n\t\t\t\t\t\t\t\t<\/div>\n\t\t\t\t\t\t\t\t\t\t\t<div class=\"ehp-form__field-group is-field-type-ehp-acceptance is-field-group-field_dabf8c5 has-width-50 has-width-md-100 has-width-sm-100 is-field-required is-mark-required has-border has-shape-rounded\">\n\t\t\t\t\t\t\t\t\t\t\t\t\t\t\t<label for=\"form-field-field_dabf8c5\" class=\"ehp-form__field-label\">\n\t\t\t\t\t\t\t\t\tJ&#039;ai lu et j&#039;accepte la politique de confidentialit\u00e9 du site ODASCE\t\t\t\t\t\t\t\t<\/label>\n\t\t\t\t\t\t\t\t\t\t<div class=\"elementor-field-subgroup\">\n\t\t\t<span class=\"elementor-field-option\">\n\t\t\t\t<input type=\"checkbox\" name=\"form_fields[field_dabf8c5]\" id=\"form-field-field_dabf8c5\" class=\"ehp-form__field elementor-size-sm  elementor-acceptance-field\" required=\"required\" aria-required=\"true\">\n\t\t\t\t\t\t\t<\/span>\n\t\t<\/div>\n\t\t\t\t\t\t\t\t<\/div>\n\t\t\t\t\t\t\t\t\t\t\t\t<div class=\"ehp-form__submit-group has-width-33 has-button-align-center\">\n\t\t\t<button class=\"has-shape-default shape-type-button ehp-form__button is-type-button elementor-animation-hang\" type=\"submit\">\n\t\t\t\t\t\t\t\t\t<svg aria-hidden=\"true\" class=\"ehp-form__button-icon e-font-icon-svg e-fas-caret-right\" viewBox=\"0 0 192 512\" xmlns=\"http:\/\/www.w3.org\/2000\/svg\"><path d=\"M0 384.662V127.338c0-17.818 21.543-26.741 34.142-14.142l128.662 128.662c7.81 7.81 7.81 20.474 0 28.284L34.142 398.804C21.543 411.404 0 402.48 0 384.662z\"><\/path><\/svg>\t\t\t\t\n\t\t\t\t\t\t\t\t\t<span class=\"ehp-form__button-text\">Valider<\/span>\n\t\t\t\t\t\t\t<\/button>\n\t\t<\/div>\n\t\t\t\t\t\t<\/div>\n\t\t\t<\/div>\n\t\t\t<div class=\"ehp-form__overlay\"><\/div>\n\t\t<\/form>\n\t\t\t\t\t\t<\/div>\n\t\t\t\t<\/div>\n\t\t<div class=\"elementor-element elementor-element-6aa30db e-flex e-con-boxed e-con e-child\" data-id=\"6aa30db\" data-element_type=\"container\" data-e-type=\"container\" data-settings=\"{&quot;background_background&quot;:&quot;classic&quot;}\">\n\t\t\t\t\t<div class=\"e-con-inner\">\n\t\t\t\t<div class=\"elementor-element elementor-element-733b5f9 elementor-widget elementor-widget-text-editor\" data-id=\"733b5f9\" data-element_type=\"widget\" data-e-type=\"widget\" data-widget_type=\"text-editor.default\">\n\t\t\t\t\t\t\t\t\t<p>\ud83d\udd0e\u00a0D\u00e9couvrir le <a title=\"http:\/\/odasce.asso.fr\/wp-content\/uploads\/2026\/01\/REGLEMENT-INTERIEUR-ODASCE-2020-2.pdf\" href=\"http:\/\/odasce.asso.fr\/wp-content\/uploads\/2026\/01\/REGLEMENT-INTERIEUR-ODASCE-2020-2.pdf\" target=\"_blank\" rel=\"noreferrer noopener\">r\u00e8glement int\u00e9rieur<\/a> et la <a title=\"https:\/\/gj62qrbwbup.preview.infomaniak.website\/politique-de-confidentialite\/\" href=\"https:\/\/gj62qrbwbup.preview.infomaniak.website\/politique-de-confidentialite\/\" target=\"_blank\" rel=\"noreferrer noopener\">politique de confidentialit\u00e9<\/a><\/p>\t\t\t\t\t\t\t\t<\/div>\n\t\t\t\t\t<\/div>\n\t\t\t\t<\/div>\n\t\t\t\t\t<\/div>\n\t\t\t\t<\/div>\n\t\t\t\t<\/div>\n\t\t","protected":false},"excerpt":{"rendered":"<p>ADH\u00c9SION PERSONNE PHYSIQUE \ud83d\udd0e\u00a0D\u00e9couvrir le r\u00e8glement int\u00e9rieur et la politique de confidentialit\u00e9<\/p>","protected":false},"author":1,"featured_media":0,"parent":0,"menu_order":0,"comment_status":"closed","ping_status":"closed","template":"","meta":{"footnotes":""},"class_list":["post-8680","page","type-page","status-publish","hentry"],"yoast_head":"<!-- This site is optimized with the Yoast SEO plugin v27.3 - https:\/\/yoast.com\/product\/yoast-seo-wordpress\/ -->\n<title>Formulaire adhesion personne physique - ODASCE - information et formation en douane<\/title>\n<meta name=\"robots\" content=\"index, follow, max-snippet:-1, max-image-preview:large, max-video-preview:-1\" \/>\n<link rel=\"canonical\" href=\"https:\/\/odasce.asso.fr\/en\/formulaire-adhesion-personne-physique\/\" \/>\n<meta property=\"og:locale\" content=\"en_GB\" \/>\n<meta property=\"og:type\" content=\"article\" \/>\n<meta property=\"og:title\" content=\"Formulaire adhesion personne physique - ODASCE - information et formation en douane\" \/>\n<meta property=\"og:description\" content=\"ADH\u00c9SION PERSONNE PHYSIQUE \ud83d\udd0e\u00a0D\u00e9couvrir le r\u00e8glement int\u00e9rieur et la politique de confidentialit\u00e9\" \/>\n<meta property=\"og:url\" content=\"https:\/\/odasce.asso.fr\/en\/formulaire-adhesion-personne-physique\/\" \/>\n<meta property=\"og:site_name\" content=\"ODASCE - information et formation en douane\" \/>\n<meta property=\"article:modified_time\" content=\"2026-01-26T13:11:45+00:00\" \/>\n<meta name=\"twitter:card\" content=\"summary_large_image\" \/>\n<meta name=\"twitter:label1\" content=\"Estimated reading time\" \/>\n\t<meta name=\"twitter:data1\" content=\"1 minute\" \/>\n<script type=\"application\/ld+json\" class=\"yoast-schema-graph\">{\"@context\":\"https:\\\/\\\/schema.org\",\"@graph\":[{\"@type\":\"WebPage\",\"@id\":\"https:\\\/\\\/odasce.asso.fr\\\/formulaire-adhesion-personne-physique\\\/\",\"url\":\"https:\\\/\\\/odasce.asso.fr\\\/formulaire-adhesion-personne-physique\\\/\",\"name\":\"Formulaire adhesion personne physique - ODASCE - information et formation en douane\",\"isPartOf\":{\"@id\":\"https:\\\/\\\/odasce.asso.fr\\\/#website\"},\"datePublished\":\"2026-01-11T13:49:01+00:00\",\"dateModified\":\"2026-01-26T13:11:45+00:00\",\"breadcrumb\":{\"@id\":\"https:\\\/\\\/odasce.asso.fr\\\/formulaire-adhesion-personne-physique\\\/#breadcrumb\"},\"inLanguage\":\"en-GB\",\"potentialAction\":[{\"@type\":\"ReadAction\",\"target\":[\"https:\\\/\\\/odasce.asso.fr\\\/formulaire-adhesion-personne-physique\\\/\"]}]},{\"@type\":\"BreadcrumbList\",\"@id\":\"https:\\\/\\\/odasce.asso.fr\\\/formulaire-adhesion-personne-physique\\\/#breadcrumb\",\"itemListElement\":[{\"@type\":\"ListItem\",\"position\":1,\"name\":\"Accueil\",\"item\":\"https:\\\/\\\/odasce.asso.fr\\\/\"},{\"@type\":\"ListItem\",\"position\":2,\"name\":\"Formulaire adhesion personne physique\"}]},{\"@type\":\"WebSite\",\"@id\":\"https:\\\/\\\/odasce.asso.fr\\\/#website\",\"url\":\"https:\\\/\\\/odasce.asso.fr\\\/\",\"name\":\"ODASCE - information et formation en douane\",\"description\":\"votre expert en douane depuis 1972\",\"publisher\":{\"@id\":\"https:\\\/\\\/odasce.asso.fr\\\/#organization\"},\"alternateName\":\"ODASCE\",\"potentialAction\":[{\"@type\":\"SearchAction\",\"target\":{\"@type\":\"EntryPoint\",\"urlTemplate\":\"https:\\\/\\\/odasce.asso.fr\\\/?s={search_term_string}\"},\"query-input\":{\"@type\":\"PropertyValueSpecification\",\"valueRequired\":true,\"valueName\":\"search_term_string\"}}],\"inLanguage\":\"en-GB\"},{\"@type\":\"Organization\",\"@id\":\"https:\\\/\\\/odasce.asso.fr\\\/#organization\",\"name\":\"ODASCE - information et formation en douane\",\"alternateName\":\"ODASCE\",\"url\":\"https:\\\/\\\/odasce.asso.fr\\\/\",\"logo\":{\"@type\":\"ImageObject\",\"inLanguage\":\"en-GB\",\"@id\":\"https:\\\/\\\/odasce.asso.fr\\\/#\\\/schema\\\/logo\\\/image\\\/\",\"url\":\"https:\\\/\\\/odasce.asso.fr\\\/wp-content\\\/uploads\\\/2025\\\/10\\\/logo-site.png\",\"contentUrl\":\"https:\\\/\\\/odasce.asso.fr\\\/wp-content\\\/uploads\\\/2025\\\/10\\\/logo-site.png\",\"width\":1176,\"height\":986,\"caption\":\"ODASCE - information et formation en douane\"},\"image\":{\"@id\":\"https:\\\/\\\/odasce.asso.fr\\\/#\\\/schema\\\/logo\\\/image\\\/\"},\"sameAs\":[\"https:\\\/\\\/www.linkedin.com\\\/company\\\/10505789\\\/\"]}]}<\/script>\n<!-- \/ Yoast SEO plugin. -->","yoast_head_json":{"title":"Formulaire adhesion personne physique - ODASCE - information et formation en douane","robots":{"index":"index","follow":"follow","max-snippet":"max-snippet:-1","max-image-preview":"max-image-preview:large","max-video-preview":"max-video-preview:-1"},"canonical":"https:\/\/odasce.asso.fr\/en\/formulaire-adhesion-personne-physique\/","og_locale":"en_GB","og_type":"article","og_title":"Formulaire adhesion personne physique - ODASCE - information et formation en douane","og_description":"ADH\u00c9SION PERSONNE PHYSIQUE \ud83d\udd0e\u00a0D\u00e9couvrir le r\u00e8glement int\u00e9rieur et la politique de confidentialit\u00e9","og_url":"https:\/\/odasce.asso.fr\/en\/formulaire-adhesion-personne-physique\/","og_site_name":"ODASCE - information et formation en douane","article_modified_time":"2026-01-26T13:11:45+00:00","twitter_card":"summary_large_image","twitter_misc":{"Estimated reading time":"1 minute"},"schema":{"@context":"https:\/\/schema.org","@graph":[{"@type":"WebPage","@id":"https:\/\/odasce.asso.fr\/formulaire-adhesion-personne-physique\/","url":"https:\/\/odasce.asso.fr\/formulaire-adhesion-personne-physique\/","name":"Formulaire adhesion personne physique - ODASCE - information et formation en douane","isPartOf":{"@id":"https:\/\/odasce.asso.fr\/#website"},"datePublished":"2026-01-11T13:49:01+00:00","dateModified":"2026-01-26T13:11:45+00:00","breadcrumb":{"@id":"https:\/\/odasce.asso.fr\/formulaire-adhesion-personne-physique\/#breadcrumb"},"inLanguage":"en-GB","potentialAction":[{"@type":"ReadAction","target":["https:\/\/odasce.asso.fr\/formulaire-adhesion-personne-physique\/"]}]},{"@type":"BreadcrumbList","@id":"https:\/\/odasce.asso.fr\/formulaire-adhesion-personne-physique\/#breadcrumb","itemListElement":[{"@type":"ListItem","position":1,"name":"Accueil","item":"https:\/\/odasce.asso.fr\/"},{"@type":"ListItem","position":2,"name":"Formulaire adhesion personne physique"}]},{"@type":"WebSite","@id":"https:\/\/odasce.asso.fr\/#website","url":"https:\/\/odasce.asso.fr\/","name":"ODASCE - information et formation en douane","description":"votre expert en douane depuis 1972","publisher":{"@id":"https:\/\/odasce.asso.fr\/#organization"},"alternateName":"ODASCE","potentialAction":[{"@type":"SearchAction","target":{"@type":"EntryPoint","urlTemplate":"https:\/\/odasce.asso.fr\/?s={search_term_string}"},"query-input":{"@type":"PropertyValueSpecification","valueRequired":true,"valueName":"search_term_string"}}],"inLanguage":"en-GB"},{"@type":"Organization","@id":"https:\/\/odasce.asso.fr\/#organization","name":"ODASCE - information et formation en douane","alternateName":"ODASCE","url":"https:\/\/odasce.asso.fr\/","logo":{"@type":"ImageObject","inLanguage":"en-GB","@id":"https:\/\/odasce.asso.fr\/#\/schema\/logo\/image\/","url":"https:\/\/odasce.asso.fr\/wp-content\/uploads\/2025\/10\/logo-site.png","contentUrl":"https:\/\/odasce.asso.fr\/wp-content\/uploads\/2025\/10\/logo-site.png","width":1176,"height":986,"caption":"ODASCE - information et formation en douane"},"image":{"@id":"https:\/\/odasce.asso.fr\/#\/schema\/logo\/image\/"},"sameAs":["https:\/\/www.linkedin.com\/company\/10505789\/"]}]}},"_links":{"self":[{"href":"https:\/\/odasce.asso.fr\/en\/wp-json\/wp\/v2\/pages\/8680","targetHints":{"allow":["GET"]}}],"collection":[{"href":"https:\/\/odasce.asso.fr\/en\/wp-json\/wp\/v2\/pages"}],"about":[{"href":"https:\/\/odasce.asso.fr\/en\/wp-json\/wp\/v2\/types\/page"}],"author":[{"embeddable":true,"href":"https:\/\/odasce.asso.fr\/en\/wp-json\/wp\/v2\/users\/1"}],"replies":[{"embeddable":true,"href":"https:\/\/odasce.asso.fr\/en\/wp-json\/wp\/v2\/comments?post=8680"}],"version-history":[{"count":19,"href":"https:\/\/odasce.asso.fr\/en\/wp-json\/wp\/v2\/pages\/8680\/revisions"}],"predecessor-version":[{"id":9653,"href":"https:\/\/odasce.asso.fr\/en\/wp-json\/wp\/v2\/pages\/8680\/revisions\/9653"}],"wp:attachment":[{"href":"https:\/\/odasce.asso.fr\/en\/wp-json\/wp\/v2\/media?parent=8680"}],"curies":[{"name":"wp","href":"https:\/\/api.w.org\/{rel}","templated":true}]}}